{"id":1001,"date":"2025-11-14T19:11:41","date_gmt":"2025-11-14T19:11:41","guid":{"rendered":"https:\/\/www.mundilibros.cl\/web\/?post_type=product&#038;p=1001"},"modified":"2025-11-14T19:13:28","modified_gmt":"2025-11-14T19:13:28","slug":"club-de-las-5-de-la-manana-debolsillo","status":"publish","type":"product","link":"https:\/\/www.mundilibros.cl\/web\/producto\/club-de-las-5-de-la-manana-debolsillo\/","title":{"rendered":"CLUB DE LAS 5 DE LA MA\u00d1ANA (Debolsillo)"},"content":{"rendered":"<p align=\"JUSTIFY\"><b><i>El Club de las 5 de la ma\u00f1ana<\/i><\/b>\u00a0es la innovadora e incre\u00edble historia de dos personas que desean mejorar la productividad, la prosperidad y la serenidad en esta \u00e9poca de distracciones digitales y de abrumadora complejidad, y conocen a un magnate extra\u00f1o pero fant\u00e1stico. Este extravagante y brillante millonario los acompa\u00f1a en un viaje maravilloso por todo el mundo que mejorar\u00e1 espectacularmente sus negocios, renovar\u00e1 su efectividad y despertar\u00e1 su felicidad as\u00ed como el sentimiento de libertad personal.<\/p>\n<p align=\"JUSTIFY\">Esta obra, que presenta un manifiesto para el virtuosismo y nos ense\u00f1a a vivir la vida de forma plena adem\u00e1s de t\u00e9cnicas para alcanzar la productividad de los genios, te cambiar\u00e1 la vida. Para siempre.<\/p>\n<p align=\"JUSTIFY\"><b><i>El Club de las 5 de la ma\u00f1ana <\/i>nos muestra<i>:<\/i><\/b><\/p>\n<p align=\"JUSTIFY\">#-Una forma de aprovechar las ma\u00f1anas para conseguir resultados extraordinarios.<\/p>\n<p align=\"JUSTIFY\">#-Una formula poco conocida para despertarse temprano con buen \u00e1nimo y la energ\u00eda necesaria para aprovechar el d\u00eda al m\u00e1ximo.<\/p>\n<p align=\"JUSTIFY\">#-Un m\u00e9todo para dedicar las horas m\u00e1s tranquilas del d\u00eda a hacer ejercicio, renovarse y crecer como persona.<\/p>\n<p align=\"JUSTIFY\">#-Un h\u00e1bito cient\u00edficamente probado que nos permitir\u00e1 levantarnos mientras los dem\u00e1s siguen durmiendo y disponer as\u00ed de unas horas preciosas para pensar, potenciar nuestra creatividad y empezar el d\u00eda con calma y sin prisa.<\/p>\n<p align=\"JUSTIFY\">#-Unas t\u00e1cticas poco conocidas para proteger nuestro talento de la distracci\u00f3n digital.<\/p>\n","protected":false},"excerpt":{"rendered":"<p>El Club de las 5 de la ma\u00f1ana\u00a0es la innovadora e incre\u00edble historia de dos personas que desean mejorar la productividad, la prosperidad y la serenidad<span class=\"excerpt-hellip\"> [\u2026]<\/span><\/p>\n","protected":false},"featured_media":1064,"comment_status":"closed","ping_status":"closed","template":"","meta":[],"product_brand":[],"product_cat":[46],"product_tag":[],"class_list":{"0":"post-1001","1":"product","2":"type-product","3":"status-publish","4":"has-post-thumbnail","6":"product_cat-autoayuda","8":"first","9":"instock","10":"taxable","11":"shipping-taxable","12":"purchasable","13":"product-type-simple"},"_links":{"self":[{"href":"https:\/\/www.mundilibros.cl\/web\/wp-json\/wp\/v2\/product\/1001","targetHints":{"allow":["GET"]}}],"collection":[{"href":"https:\/\/www.mundilibros.cl\/web\/wp-json\/wp\/v2\/product"}],"about":[{"href":"https:\/\/www.mundilibros.cl\/web\/wp-json\/wp\/v2\/types\/product"}],"replies":[{"embeddable":true,"href":"https:\/\/www.mundilibros.cl\/web\/wp-json\/wp\/v2\/comments?post=1001"}],"wp:featuredmedia":[{"embeddable":true,"href":"https:\/\/www.mundilibros.cl\/web\/wp-json\/wp\/v2\/media\/1064"}],"wp:attachment":[{"href":"https:\/\/www.mundilibros.cl\/web\/wp-json\/wp\/v2\/media?parent=1001"}],"wp:term":[{"taxonomy":"product_brand","embeddable":true,"href":"https:\/\/www.mundilibros.cl\/web\/wp-json\/wp\/v2\/product_brand?post=1001"},{"taxonomy":"product_cat","embeddable":true,"href":"https:\/\/www.mundilibros.cl\/web\/wp-json\/wp\/v2\/product_cat?post=1001"},{"taxonomy":"product_tag","embeddable":true,"href":"https:\/\/www.mundilibros.cl\/web\/wp-json\/wp\/v2\/product_tag?post=1001"}],"curies":[{"name":"wp","href":"https:\/\/api.w.org\/{rel}","templated":true}]}}