{"id":1002,"date":"2025-11-14T19:11:41","date_gmt":"2025-11-14T19:11:41","guid":{"rendered":"https:\/\/www.mundilibros.cl\/web\/?post_type=product&#038;p=1002"},"modified":"2025-11-14T19:13:28","modified_gmt":"2025-11-14T19:13:28","slug":"todas-las-hadas-del-reino","status":"publish","type":"product","link":"https:\/\/www.mundilibros.cl\/web\/producto\/todas-las-hadas-del-reino\/","title":{"rendered":"TODAS LAS HADAS DEL REINO"},"content":{"rendered":"<p>Erase una vez una historia de aventuras, magia e intriga que nadie pod\u00eda dejar de leer&#8230;<br \/>\nCamelia es un hada madrina que lleva trescientos a\u00f1os ayudando con gran eficacia a j\u00f3venes doncellas y a aspirantes a h\u00e9roe para que alcancen sus propios finales felices. Su magia y su ingenio nunca le han fallado, pero todo empieza a complicarse cuando le encomiendan a Sim\u00f3n, un mozo de cuadra que necesita su ayuda desesperadamente. Camelia ha solucionado casos m\u00e1s dif\u00edciles; pero, por alg\u00fan motivo, con Sim\u00f3n las cosas comienzan a torcerse de forma inexplicable..<\/p>\n<p>tapa blanda<br \/>\nnro de paginas : 480<br \/>\nmedidas : 15 x 23 cms<\/p>\n","protected":false},"excerpt":{"rendered":"<p>Erase una vez una historia de aventuras, magia e intriga que nadie pod\u00eda dejar de leer&#8230; Camelia es un hada madrina que lleva trescientos a\u00f1os ayudando<span class=\"excerpt-hellip\"> [\u2026]<\/span><\/p>\n","protected":false},"featured_media":1065,"comment_status":"closed","ping_status":"closed","template":"","meta":[],"product_brand":[],"product_cat":[58],"product_tag":[],"class_list":{"0":"post-1002","1":"product","2":"type-product","3":"status-publish","4":"has-post-thumbnail","6":"product_cat-juvenil","8":"first","9":"outofstock","10":"taxable","11":"shipping-taxable","12":"purchasable","13":"product-type-simple"},"_links":{"self":[{"href":"https:\/\/www.mundilibros.cl\/web\/wp-json\/wp\/v2\/product\/1002","targetHints":{"allow":["GET"]}}],"collection":[{"href":"https:\/\/www.mundilibros.cl\/web\/wp-json\/wp\/v2\/product"}],"about":[{"href":"https:\/\/www.mundilibros.cl\/web\/wp-json\/wp\/v2\/types\/product"}],"replies":[{"embeddable":true,"href":"https:\/\/www.mundilibros.cl\/web\/wp-json\/wp\/v2\/comments?post=1002"}],"wp:featuredmedia":[{"embeddable":true,"href":"https:\/\/www.mundilibros.cl\/web\/wp-json\/wp\/v2\/media\/1065"}],"wp:attachment":[{"href":"https:\/\/www.mundilibros.cl\/web\/wp-json\/wp\/v2\/media?parent=1002"}],"wp:term":[{"taxonomy":"product_brand","embeddable":true,"href":"https:\/\/www.mundilibros.cl\/web\/wp-json\/wp\/v2\/product_brand?post=1002"},{"taxonomy":"product_cat","embeddable":true,"href":"https:\/\/www.mundilibros.cl\/web\/wp-json\/wp\/v2\/product_cat?post=1002"},{"taxonomy":"product_tag","embeddable":true,"href":"https:\/\/www.mundilibros.cl\/web\/wp-json\/wp\/v2\/product_tag?post=1002"}],"curies":[{"name":"wp","href":"https:\/\/api.w.org\/{rel}","templated":true}]}}