{"id":1017,"date":"2025-11-14T19:12:02","date_gmt":"2025-11-14T19:12:02","guid":{"rendered":"https:\/\/www.mundilibros.cl\/web\/?post_type=product&#038;p=1017"},"modified":"2025-11-14T19:13:37","modified_gmt":"2025-11-14T19:13:37","slug":"mi-libro-de-cocina-vegana","status":"publish","type":"product","link":"https:\/\/www.mundilibros.cl\/web\/producto\/mi-libro-de-cocina-vegana\/","title":{"rendered":"MI LIBRO DE COCINA VEGANA"},"content":{"rendered":"<p>100 recetas sencillas, sanas y deliciosas elaboradas con ingredientes vegetales y un viaje apasionante por la filosof\u00eda culinaria de Ella.<\/p>\n<p>El \u00faltimo libro de Ella presenta m\u00e1s de cien nuevas recetas de la autora popular, organizadas para demostrar lo exquisita y copiosa que puede llegar a ser una dieta basada en vegetales.<\/p>\n<p>Sus recetas, sencillas de preparar y siempre veganas, cubren un amplio abanico de posibilidades: desde ensaladas de colores hasta hamburguesas y falafel vegetarianos, salsas, acompa\u00f1amientos cremosos, energ\u00e9ticos guisos y curris, desayunos r\u00e1pidos, brunch de fin de de fin de, tartas y brownies .<\/p>\n<p>Un libro imprescindible para los amantes de los platos saludables y una gu\u00eda necesaria para quienes busquen experimentar con la cocina vegana por primera vez.<\/p>\n<p>Tapa blanda<br \/>\nnro de paginas 288<br \/>\nmedidas : 15 x 21 cms<\/p>\n","protected":false},"excerpt":{"rendered":"<h2>100 recetas sencillas, sanas y deliciosas<\/h2>\n","protected":false},"featured_media":1066,"comment_status":"closed","ping_status":"closed","template":"","meta":[],"product_brand":[],"product_cat":[47],"product_tag":[],"class_list":{"0":"post-1017","1":"product","2":"type-product","3":"status-publish","4":"has-post-thumbnail","6":"product_cat-cocina","8":"first","9":"outofstock","10":"sale","11":"taxable","12":"shipping-taxable","13":"purchasable","14":"product-type-simple"},"_links":{"self":[{"href":"https:\/\/www.mundilibros.cl\/web\/wp-json\/wp\/v2\/product\/1017","targetHints":{"allow":["GET"]}}],"collection":[{"href":"https:\/\/www.mundilibros.cl\/web\/wp-json\/wp\/v2\/product"}],"about":[{"href":"https:\/\/www.mundilibros.cl\/web\/wp-json\/wp\/v2\/types\/product"}],"replies":[{"embeddable":true,"href":"https:\/\/www.mundilibros.cl\/web\/wp-json\/wp\/v2\/comments?post=1017"}],"wp:featuredmedia":[{"embeddable":true,"href":"https:\/\/www.mundilibros.cl\/web\/wp-json\/wp\/v2\/media\/1066"}],"wp:attachment":[{"href":"https:\/\/www.mundilibros.cl\/web\/wp-json\/wp\/v2\/media?parent=1017"}],"wp:term":[{"taxonomy":"product_brand","embeddable":true,"href":"https:\/\/www.mundilibros.cl\/web\/wp-json\/wp\/v2\/product_brand?post=1017"},{"taxonomy":"product_cat","embeddable":true,"href":"https:\/\/www.mundilibros.cl\/web\/wp-json\/wp\/v2\/product_cat?post=1017"},{"taxonomy":"product_tag","embeddable":true,"href":"https:\/\/www.mundilibros.cl\/web\/wp-json\/wp\/v2\/product_tag?post=1017"}],"curies":[{"name":"wp","href":"https:\/\/api.w.org\/{rel}","templated":true}]}}