{"id":1023,"date":"2025-11-14T19:12:02","date_gmt":"2025-11-14T19:12:02","guid":{"rendered":"https:\/\/www.mundilibros.cl\/web\/?post_type=product&#038;p=1023"},"modified":"2025-11-27T19:54:32","modified_gmt":"2025-11-27T19:54:32","slug":"heartstopper-1","status":"publish","type":"product","link":"https:\/\/www.mundilibros.cl\/web\/producto\/heartstopper-1\/","title":{"rendered":"HEARTSTOPPER 1"},"content":{"rendered":"<p>Charlie y Nick van al mismo colegio, aunque nunca se hab\u00edan cruzado hasta el d\u00eda en que los hacen sentarse juntos en su grupo de estudio. Muy pronto se vuelven amigos y m\u00e1s pronto a\u00fan Charlie comienza a sentir cosas por Nick&#8230; aunque sabe que es un imposible. Pero el amor obra de formas inesperadas, y Nick est\u00e1 m\u00e1s interesado en Charlie de lo que ninguno de los dos puede llegar a creer.<br \/>\nLa webc\u00f3mic fen\u00f3meno de Tumblr con miles de fans en todo el mundo llega en versi\u00f3n impresa al espa\u00f1ol. Una historia tierna y conmovedora, cargada de valores y mensajes positivos: amor propio, aceptaci\u00f3n, familia, amistad, entre otros. Toca de manera sensible y cuidada tem\u00e1ticas importantes como el bullying, la honestidad, la familia, las enfermedades mentales, los trastornos alimenticios, la discriminaci\u00f3n, etc.<\/p>\n<p>Tipo de tapa blanda<br \/>\nmedidas: 13 x 20 cms<br \/>\nP\u00e1ginas 296<\/p>\n","protected":false},"excerpt":{"rendered":"<p>Charlie y Nick van al mismo colegio, aunque nunca se hab\u00edan cruzado hasta el d\u00eda en que los hacen sentarse juntos en su grupo de estudio.<span class=\"excerpt-hellip\"> [\u2026]<\/span><\/p>\n","protected":false},"featured_media":1075,"comment_status":"closed","ping_status":"closed","template":"","meta":[],"product_brand":[],"product_cat":[58],"product_tag":[],"class_list":{"0":"post-1023","1":"product","2":"type-product","3":"status-publish","4":"has-post-thumbnail","6":"product_cat-juvenil","8":"first","9":"instock","10":"taxable","11":"shipping-taxable","12":"purchasable","13":"product-type-simple"},"_links":{"self":[{"href":"https:\/\/www.mundilibros.cl\/web\/wp-json\/wp\/v2\/product\/1023","targetHints":{"allow":["GET"]}}],"collection":[{"href":"https:\/\/www.mundilibros.cl\/web\/wp-json\/wp\/v2\/product"}],"about":[{"href":"https:\/\/www.mundilibros.cl\/web\/wp-json\/wp\/v2\/types\/product"}],"replies":[{"embeddable":true,"href":"https:\/\/www.mundilibros.cl\/web\/wp-json\/wp\/v2\/comments?post=1023"}],"wp:featuredmedia":[{"embeddable":true,"href":"https:\/\/www.mundilibros.cl\/web\/wp-json\/wp\/v2\/media\/1075"}],"wp:attachment":[{"href":"https:\/\/www.mundilibros.cl\/web\/wp-json\/wp\/v2\/media?parent=1023"}],"wp:term":[{"taxonomy":"product_brand","embeddable":true,"href":"https:\/\/www.mundilibros.cl\/web\/wp-json\/wp\/v2\/product_brand?post=1023"},{"taxonomy":"product_cat","embeddable":true,"href":"https:\/\/www.mundilibros.cl\/web\/wp-json\/wp\/v2\/product_cat?post=1023"},{"taxonomy":"product_tag","embeddable":true,"href":"https:\/\/www.mundilibros.cl\/web\/wp-json\/wp\/v2\/product_tag?post=1023"}],"curies":[{"name":"wp","href":"https:\/\/api.w.org\/{rel}","templated":true}]}}