{"id":1024,"date":"2025-11-14T19:12:02","date_gmt":"2025-11-14T19:12:02","guid":{"rendered":"https:\/\/www.mundilibros.cl\/web\/?post_type=product&#038;p=1024"},"modified":"2025-11-27T19:54:03","modified_gmt":"2025-11-27T19:54:03","slug":"heartstopper-2","status":"publish","type":"product","link":"https:\/\/www.mundilibros.cl\/web\/producto\/heartstopper-2\/","title":{"rendered":"HEARTSTOPPER 2"},"content":{"rendered":"<p>Nick y Charlie son mejores amigos. Nick sabe que Charlie es gay, y Charlie est\u00e1 seguro de que Nick no lo es. Pero los caminos del amor pueden ser sorprendentes, y Nick est\u00e1 descubriendo muchas cosas sobre sus amigos, su familia&#8230; y sobre s\u00ed mismo<br \/>\n\u2022 Una historia tierna y conmovedora, cargada de valores y mensajes positivos: amor propio, aceptaci\u00f3n, familia, amistad, entre otros. \u2022 Toca de manera sensible y cuidada tem\u00e1ticas importantes como el bullying, la honestidad, la familia, las enfermedades mentales, los trastornos alimenticios, la discriminaci\u00f3n, etc<\/p>\n<p>Tipo de tapa blanda<br \/>\nmedidas: 13 x 20 cms<br \/>\nP\u00e1ginas 328<\/p>\n","protected":false},"excerpt":{"rendered":"<p>Nick y Charlie son mejores amigos. Nick sabe que Charlie es gay, y Charlie est\u00e1 seguro de que Nick no lo es. Pero los caminos del<span class=\"excerpt-hellip\"> [\u2026]<\/span><\/p>\n","protected":false},"featured_media":1076,"comment_status":"closed","ping_status":"closed","template":"","meta":[],"product_brand":[],"product_cat":[58],"product_tag":[],"class_list":{"0":"post-1024","1":"product","2":"type-product","3":"status-publish","4":"has-post-thumbnail","6":"product_cat-juvenil","8":"first","9":"instock","10":"taxable","11":"shipping-taxable","12":"purchasable","13":"product-type-simple"},"_links":{"self":[{"href":"https:\/\/www.mundilibros.cl\/web\/wp-json\/wp\/v2\/product\/1024","targetHints":{"allow":["GET"]}}],"collection":[{"href":"https:\/\/www.mundilibros.cl\/web\/wp-json\/wp\/v2\/product"}],"about":[{"href":"https:\/\/www.mundilibros.cl\/web\/wp-json\/wp\/v2\/types\/product"}],"replies":[{"embeddable":true,"href":"https:\/\/www.mundilibros.cl\/web\/wp-json\/wp\/v2\/comments?post=1024"}],"wp:featuredmedia":[{"embeddable":true,"href":"https:\/\/www.mundilibros.cl\/web\/wp-json\/wp\/v2\/media\/1076"}],"wp:attachment":[{"href":"https:\/\/www.mundilibros.cl\/web\/wp-json\/wp\/v2\/media?parent=1024"}],"wp:term":[{"taxonomy":"product_brand","embeddable":true,"href":"https:\/\/www.mundilibros.cl\/web\/wp-json\/wp\/v2\/product_brand?post=1024"},{"taxonomy":"product_cat","embeddable":true,"href":"https:\/\/www.mundilibros.cl\/web\/wp-json\/wp\/v2\/product_cat?post=1024"},{"taxonomy":"product_tag","embeddable":true,"href":"https:\/\/www.mundilibros.cl\/web\/wp-json\/wp\/v2\/product_tag?post=1024"}],"curies":[{"name":"wp","href":"https:\/\/api.w.org\/{rel}","templated":true}]}}