{"id":1025,"date":"2025-11-14T19:12:02","date_gmt":"2025-11-14T19:12:02","guid":{"rendered":"https:\/\/www.mundilibros.cl\/web\/?post_type=product&#038;p=1025"},"modified":"2025-11-29T17:00:15","modified_gmt":"2025-11-29T17:00:15","slug":"gran-libro-de-los-dinosaurios","status":"publish","type":"product","link":"https:\/\/www.mundilibros.cl\/web\/producto\/gran-libro-de-los-dinosaurios\/","title":{"rendered":"GRAN LIBRO DE LOS DINOSAURIOS"},"content":{"rendered":"<p>Descubre cu\u00e1les eran los principales dinosaurios que poblaron la tierra, c\u00f3mo era su aspecto, su altura, los extra\u00f1os \u00abadornos\u00bb con los que se engalanaban (crestas dorsales, picos de pato, pinchos, cuernos..), qu\u00e9 com\u00edan, d\u00f3nde y cu\u00e1ndo vivieron, y muchas curiosidades m\u00e1s. El libro incluye la apasionante historia de los principales descubrimientos paleontol\u00f3gicos y el estado de la cuesti\u00f3n sobre los grandes enigmas que todav\u00eda existen alrededor de estos animales extinguidos.<\/p>\n<p>paginas a todo color, tapa dura.<br \/>\npaginas : 196<br \/>\nmedidas : 20 x 27 cms<\/p>\n","protected":false},"excerpt":{"rendered":"<p>Descubre cu\u00e1les eran los principales dinosaurios que poblaron la tierra, c\u00f3mo era su aspecto, su altura, los extra\u00f1os \u00abadornos\u00bb con los que se engalanaban (crestas dorsales,<span class=\"excerpt-hellip\"> [\u2026]<\/span><\/p>\n","protected":false},"featured_media":1077,"comment_status":"closed","ping_status":"closed","template":"","meta":[],"product_brand":[],"product_cat":[64],"product_tag":[],"class_list":{"0":"post-1025","1":"product","2":"type-product","3":"status-publish","4":"has-post-thumbnail","6":"product_cat-libros-infantiles","8":"first","9":"instock","10":"sale","11":"taxable","12":"shipping-taxable","13":"purchasable","14":"product-type-simple"},"_links":{"self":[{"href":"https:\/\/www.mundilibros.cl\/web\/wp-json\/wp\/v2\/product\/1025","targetHints":{"allow":["GET"]}}],"collection":[{"href":"https:\/\/www.mundilibros.cl\/web\/wp-json\/wp\/v2\/product"}],"about":[{"href":"https:\/\/www.mundilibros.cl\/web\/wp-json\/wp\/v2\/types\/product"}],"replies":[{"embeddable":true,"href":"https:\/\/www.mundilibros.cl\/web\/wp-json\/wp\/v2\/comments?post=1025"}],"wp:featuredmedia":[{"embeddable":true,"href":"https:\/\/www.mundilibros.cl\/web\/wp-json\/wp\/v2\/media\/1077"}],"wp:attachment":[{"href":"https:\/\/www.mundilibros.cl\/web\/wp-json\/wp\/v2\/media?parent=1025"}],"wp:term":[{"taxonomy":"product_brand","embeddable":true,"href":"https:\/\/www.mundilibros.cl\/web\/wp-json\/wp\/v2\/product_brand?post=1025"},{"taxonomy":"product_cat","embeddable":true,"href":"https:\/\/www.mundilibros.cl\/web\/wp-json\/wp\/v2\/product_cat?post=1025"},{"taxonomy":"product_tag","embeddable":true,"href":"https:\/\/www.mundilibros.cl\/web\/wp-json\/wp\/v2\/product_tag?post=1025"}],"curies":[{"name":"wp","href":"https:\/\/api.w.org\/{rel}","templated":true}]}}