{"id":1026,"date":"2025-11-14T19:12:02","date_gmt":"2025-11-14T19:12:02","guid":{"rendered":"https:\/\/www.mundilibros.cl\/web\/?post_type=product&#038;p=1026"},"modified":"2025-11-14T19:14:45","modified_gmt":"2025-11-14T19:14:45","slug":"la-cancion-de-aquiles-tapa-dura","status":"publish","type":"product","link":"https:\/\/www.mundilibros.cl\/web\/producto\/la-cancion-de-aquiles-tapa-dura\/","title":{"rendered":"LA CANCION DE AQUILES TAPA DURA"},"content":{"rendered":"<div class=\"product attribute description\"><span class=\"value\">Patroclo, un pr\u00edncipe joven y torpe, ha sido exiliado, donde vive a la sombra del rey Peleo y su hijo, Aquiles. Aquiles, el mejor de los griegos, es todo lo que no es Patroclo: fuerte, apuesto, hijo de una diosa. Un d\u00eda Aquiles toma bajo su protecci\u00f3n al pr\u00edncipe y ese v\u00ednculo da paso a una s\u00f3lida amistad.\u00a0 Cuando se extiende la noticia del rapto de Helena de Esparta, se convoca a los hombres de Grecia para asediar la ciudad de Troya. Aquiles, se une a la causa y Patroclo, lo sigue a la guerra.\u00a0<\/span><\/div>\n<div class=\"product attribute overview\">\n<div class=\"value std\">De la autora de \u00abCirce\u00bb, una epopeya inolvidable, Grecia en la era de los h\u00e9roes.<\/div>\n<\/div>\n","protected":false},"excerpt":{"rendered":"<h4>Una epopeya inolvidable, Grecia en la era de los h\u00e9roes<\/h4>\n","protected":false},"featured_media":1078,"comment_status":"closed","ping_status":"closed","template":"","meta":[],"product_brand":[],"product_cat":[25],"product_tag":[],"class_list":{"0":"post-1026","1":"product","2":"type-product","3":"status-publish","4":"has-post-thumbnail","6":"product_cat-novelas","8":"first","9":"outofstock","10":"sale","11":"taxable","12":"shipping-taxable","13":"purchasable","14":"product-type-simple"},"_links":{"self":[{"href":"https:\/\/www.mundilibros.cl\/web\/wp-json\/wp\/v2\/product\/1026","targetHints":{"allow":["GET"]}}],"collection":[{"href":"https:\/\/www.mundilibros.cl\/web\/wp-json\/wp\/v2\/product"}],"about":[{"href":"https:\/\/www.mundilibros.cl\/web\/wp-json\/wp\/v2\/types\/product"}],"replies":[{"embeddable":true,"href":"https:\/\/www.mundilibros.cl\/web\/wp-json\/wp\/v2\/comments?post=1026"}],"wp:featuredmedia":[{"embeddable":true,"href":"https:\/\/www.mundilibros.cl\/web\/wp-json\/wp\/v2\/media\/1078"}],"wp:attachment":[{"href":"https:\/\/www.mundilibros.cl\/web\/wp-json\/wp\/v2\/media?parent=1026"}],"wp:term":[{"taxonomy":"product_brand","embeddable":true,"href":"https:\/\/www.mundilibros.cl\/web\/wp-json\/wp\/v2\/product_brand?post=1026"},{"taxonomy":"product_cat","embeddable":true,"href":"https:\/\/www.mundilibros.cl\/web\/wp-json\/wp\/v2\/product_cat?post=1026"},{"taxonomy":"product_tag","embeddable":true,"href":"https:\/\/www.mundilibros.cl\/web\/wp-json\/wp\/v2\/product_tag?post=1026"}],"curies":[{"name":"wp","href":"https:\/\/api.w.org\/{rel}","templated":true}]}}