{"id":1037,"date":"2025-11-14T19:12:29","date_gmt":"2025-11-14T19:12:29","guid":{"rendered":"https:\/\/www.mundilibros.cl\/web\/?post_type=product&#038;p=1037"},"modified":"2025-11-14T19:14:59","modified_gmt":"2025-11-14T19:14:59","slug":"un-cuento-perfecto","status":"publish","type":"product","link":"https:\/\/www.mundilibros.cl\/web\/producto\/un-cuento-perfecto\/","title":{"rendered":"UN CUENTO PERFECTO"},"content":{"rendered":"<p><b>\u00bfQu\u00e9 sucede cuando descubres que el final de tu cuento no es como so\u00f1abas?<\/b><\/p>\n<p>&#8211; \u00c9rase una vez una mujer que lo ten\u00eda todo y un chico que no ten\u00eda nada.<\/p>\n<p>&#8211; \u00c9rase una vez una historia de amor entre el \u00e9xito y la duda.<\/p>\n<p>&#8211; \u00c9rase una vez un cuento perfecto.<\/p>\n<p>El\u00edsabet Benavent, @BetaCoqueta, regresa al panorama de la literatura con una novela que explora el significado del \u00e9xito en la vida y reflexiona con iron\u00eda y humor acerca de las imposiciones sociales, la presi\u00f3n del grupo y la autoexigencia que, aunque cueste creerlo, no es sin\u00f3nimo de felicidad.<\/p>\n<p><b>Los lectores han dicho&#8230;<\/b><br \/>\n\u00ab\u00a1Un libro magn\u00edfico. Adictivo! Una historia real, bien escrita. He re\u00eddo, llorado, suspirado. El\u00edsabet, he le\u00eddo todos tus libros y, aunque parezca imposible, sigues sorprendi\u00e9ndome\u00bb.<\/p>\n<p>\u00abUna historia madura que nos hace reflexionar. No es una novela al uso centrada en el amor de pareja, es eso y mucho m\u00e1s\u00bb.<\/p>\n<p>\u00abLeer a El\u00edsabet es entrar en la historia, sentirla y vivirla. Su pluma te atrapa\u00bb.<\/p>\n<p>\u00abTe puede gustar un libro m\u00e1s que otro. Amar a un personaje y odiar a otros&#8230; pero siempre tienen algo que te marca y que se queda incrustado en el coraz\u00f3n. \u00a1Gracias, BetaCoqueta!\u00bb.<\/p>\n","protected":false},"excerpt":{"rendered":"<p><b>M\u00e1s de 3.000.000 de ejemplares vendidos<\/b><\/p>\n","protected":false},"featured_media":1081,"comment_status":"closed","ping_status":"closed","template":"","meta":[],"product_brand":[],"product_cat":[58],"product_tag":[],"class_list":{"0":"post-1037","1":"product","2":"type-product","3":"status-publish","4":"has-post-thumbnail","6":"product_cat-juvenil","8":"first","9":"outofstock","10":"sale","11":"taxable","12":"shipping-taxable","13":"purchasable","14":"product-type-simple"},"_links":{"self":[{"href":"https:\/\/www.mundilibros.cl\/web\/wp-json\/wp\/v2\/product\/1037","targetHints":{"allow":["GET"]}}],"collection":[{"href":"https:\/\/www.mundilibros.cl\/web\/wp-json\/wp\/v2\/product"}],"about":[{"href":"https:\/\/www.mundilibros.cl\/web\/wp-json\/wp\/v2\/types\/product"}],"replies":[{"embeddable":true,"href":"https:\/\/www.mundilibros.cl\/web\/wp-json\/wp\/v2\/comments?post=1037"}],"wp:featuredmedia":[{"embeddable":true,"href":"https:\/\/www.mundilibros.cl\/web\/wp-json\/wp\/v2\/media\/1081"}],"wp:attachment":[{"href":"https:\/\/www.mundilibros.cl\/web\/wp-json\/wp\/v2\/media?parent=1037"}],"wp:term":[{"taxonomy":"product_brand","embeddable":true,"href":"https:\/\/www.mundilibros.cl\/web\/wp-json\/wp\/v2\/product_brand?post=1037"},{"taxonomy":"product_cat","embeddable":true,"href":"https:\/\/www.mundilibros.cl\/web\/wp-json\/wp\/v2\/product_cat?post=1037"},{"taxonomy":"product_tag","embeddable":true,"href":"https:\/\/www.mundilibros.cl\/web\/wp-json\/wp\/v2\/product_tag?post=1037"}],"curies":[{"name":"wp","href":"https:\/\/api.w.org\/{rel}","templated":true}]}}