{"id":1039,"date":"2025-11-14T19:12:29","date_gmt":"2025-11-14T19:12:29","guid":{"rendered":"https:\/\/www.mundilibros.cl\/web\/?post_type=product&#038;p=1039"},"modified":"2025-11-14T19:15:07","modified_gmt":"2025-11-14T19:15:07","slug":"el-libro-de-los-chakras","status":"publish","type":"product","link":"https:\/\/www.mundilibros.cl\/web\/producto\/el-libro-de-los-chakras\/","title":{"rendered":"EL LIBRO DE LOS CHAKRAS"},"content":{"rendered":"<p>Osho propone en esta obra un recorrido por la ciencia oriental de los centros de energ\u00eda sutil del cuerpo humano, a menudo conocidos como \u00abchakras\u00bb. Esta ciencia constituye la base sobre la que se asienta la Medicina Tradicional China, el Ayurveda indio y el Yoga Kundalini ?entre otras disciplinas que reconocen la profunda conexi\u00f3n mente-cuerpo?, y sus principios no solo aplicables al crecimiento y la maduraci\u00f3n psicol\u00f3gica, sino tambi\u00e9n a la evoluci\u00f3n de la conciencia, tal como destaca Osho. El Libro de los Chakras expone la \u00abciencia esot\u00e9rica\u00bb y su comprensi\u00f3n dentro del contexto del crecimiento y la transformaci\u00f3n personal.<\/p>\n","protected":false},"excerpt":{"rendered":"<p>Osho propone en esta obra un recorrido por la ciencia oriental de los centros de energ\u00eda sutil del cuerpo humano, a menudo conocidos como \u00abchakras\u00bb. Esta<span class=\"excerpt-hellip\"> [\u2026]<\/span><\/p>\n","protected":false},"featured_media":1083,"comment_status":"closed","ping_status":"closed","template":"","meta":[],"product_brand":[],"product_cat":[46],"product_tag":[],"class_list":{"0":"post-1039","1":"product","2":"type-product","3":"status-publish","4":"has-post-thumbnail","6":"product_cat-autoayuda","8":"first","9":"outofstock","10":"taxable","11":"shipping-taxable","12":"purchasable","13":"product-type-simple"},"_links":{"self":[{"href":"https:\/\/www.mundilibros.cl\/web\/wp-json\/wp\/v2\/product\/1039","targetHints":{"allow":["GET"]}}],"collection":[{"href":"https:\/\/www.mundilibros.cl\/web\/wp-json\/wp\/v2\/product"}],"about":[{"href":"https:\/\/www.mundilibros.cl\/web\/wp-json\/wp\/v2\/types\/product"}],"replies":[{"embeddable":true,"href":"https:\/\/www.mundilibros.cl\/web\/wp-json\/wp\/v2\/comments?post=1039"}],"wp:featuredmedia":[{"embeddable":true,"href":"https:\/\/www.mundilibros.cl\/web\/wp-json\/wp\/v2\/media\/1083"}],"wp:attachment":[{"href":"https:\/\/www.mundilibros.cl\/web\/wp-json\/wp\/v2\/media?parent=1039"}],"wp:term":[{"taxonomy":"product_brand","embeddable":true,"href":"https:\/\/www.mundilibros.cl\/web\/wp-json\/wp\/v2\/product_brand?post=1039"},{"taxonomy":"product_cat","embeddable":true,"href":"https:\/\/www.mundilibros.cl\/web\/wp-json\/wp\/v2\/product_cat?post=1039"},{"taxonomy":"product_tag","embeddable":true,"href":"https:\/\/www.mundilibros.cl\/web\/wp-json\/wp\/v2\/product_tag?post=1039"}],"curies":[{"name":"wp","href":"https:\/\/api.w.org\/{rel}","templated":true}]}}