{"id":1040,"date":"2025-11-14T19:12:30","date_gmt":"2025-11-14T19:12:30","guid":{"rendered":"https:\/\/www.mundilibros.cl\/web\/?post_type=product&#038;p=1040"},"modified":"2025-11-14T19:15:07","modified_gmt":"2025-11-14T19:15:07","slug":"libertad","status":"publish","type":"product","link":"https:\/\/www.mundilibros.cl\/web\/producto\/libertad\/","title":{"rendered":"LIBERTAD"},"content":{"rendered":"<p><b>Claves para una nueva forma de vivir: identifica y supera los obst\u00e1culos que encuentres en el camino hacia tu libertad.<\/b><\/p>\n<p>En\u00a0<i>Libertad<\/i>\u00a0Osho define tres estadios: El primero es la\u00a0<b>\u00ablibertad de\u00bb<\/b>, una libertad que procede de la ruptura de la \u00abesclavitud psicol\u00f3gica\u00bb impuesta por las fuerzas externas como la familia o la religi\u00f3n.<\/p>\n<p>El segundo es la\u00a0<b>\u00ablibertad para\u00bb<\/b>, una libertad que deriva de una actitud o circunstancia de signo positivo (un abrazo, la creaci\u00f3n de algo, una relaci\u00f3n que nos llena o una visi\u00f3n art\u00edstica o humanitaria).<\/p>\n<p>El tercero y \u00faltimo es la\u00a0<b>\u00ablibertad simple\u00bb<\/b>, la m\u00e1s elevada y primordial. Se trata, en realidad, de la libertad de ser simplemente uno mismo y responder sinceramente a cada requerimiento de la vida.<\/p>\n<p>Osho nos invita a enfrentarnos a todo aquello que se nos plantea como un reto para, partiendo de cada uno de nosotros, crear un nuevo ser humano que sepa equilibrar la libertad con la responsabilidad y que tenga verdadera independencia de criterio, ya que la libertad verdadera es espiritual: tiene que ver con nuestro interior, puesto que este no puede ser esposado, encarcelado ni encadenado.<\/p>\n","protected":false},"excerpt":{"rendered":"<p>Claves para una nueva forma de vivir: identifica y supera los obst\u00e1culos que encuentres en el camino hacia tu libertad. En\u00a0Libertad\u00a0Osho define tres estadios: El primero<span class=\"excerpt-hellip\"> [\u2026]<\/span><\/p>\n","protected":false},"featured_media":1084,"comment_status":"closed","ping_status":"closed","template":"","meta":[],"product_brand":[],"product_cat":[46],"product_tag":[],"class_list":{"0":"post-1040","1":"product","2":"type-product","3":"status-publish","4":"has-post-thumbnail","6":"product_cat-autoayuda","8":"first","9":"outofstock","10":"taxable","11":"shipping-taxable","12":"purchasable","13":"product-type-simple"},"_links":{"self":[{"href":"https:\/\/www.mundilibros.cl\/web\/wp-json\/wp\/v2\/product\/1040","targetHints":{"allow":["GET"]}}],"collection":[{"href":"https:\/\/www.mundilibros.cl\/web\/wp-json\/wp\/v2\/product"}],"about":[{"href":"https:\/\/www.mundilibros.cl\/web\/wp-json\/wp\/v2\/types\/product"}],"replies":[{"embeddable":true,"href":"https:\/\/www.mundilibros.cl\/web\/wp-json\/wp\/v2\/comments?post=1040"}],"wp:featuredmedia":[{"embeddable":true,"href":"https:\/\/www.mundilibros.cl\/web\/wp-json\/wp\/v2\/media\/1084"}],"wp:attachment":[{"href":"https:\/\/www.mundilibros.cl\/web\/wp-json\/wp\/v2\/media?parent=1040"}],"wp:term":[{"taxonomy":"product_brand","embeddable":true,"href":"https:\/\/www.mundilibros.cl\/web\/wp-json\/wp\/v2\/product_brand?post=1040"},{"taxonomy":"product_cat","embeddable":true,"href":"https:\/\/www.mundilibros.cl\/web\/wp-json\/wp\/v2\/product_cat?post=1040"},{"taxonomy":"product_tag","embeddable":true,"href":"https:\/\/www.mundilibros.cl\/web\/wp-json\/wp\/v2\/product_tag?post=1040"}],"curies":[{"name":"wp","href":"https:\/\/api.w.org\/{rel}","templated":true}]}}