{"id":1050,"date":"2025-11-14T19:12:58","date_gmt":"2025-11-14T19:12:58","guid":{"rendered":"https:\/\/www.mundilibros.cl\/web\/?post_type=product&#038;p=1050"},"modified":"2025-11-14T19:15:13","modified_gmt":"2025-11-14T19:15:13","slug":"lolita","status":"publish","type":"product","link":"https:\/\/www.mundilibros.cl\/web\/producto\/lolita\/","title":{"rendered":"LOLITA"},"content":{"rendered":"<p>La historia de la obsesi\u00f3n de Humbert Humbert, un profesor cuarent\u00f3n, por la docea\u00f1era Lolita es una extraordinaria novela de amor en la que intervienen dos componentes explosivos: la atracci\u00f3n \u00abperversa\u00bb por las n\u00ednfulas y el incesto. Un itinerario a trav\u00e9s de la locura y la muerte, que desemboca en una estilizad\u00edsima violencia, narrado, a la vez con autoiron\u00eda y lirismo desenfrenado, por el propio Humbert Humbert. \u00abLolita\u00bb es tambi\u00e9n un retrato \u00e1cido y visionario de los Estados Unidos, de los horrores suburbanos y de la cultura del pl\u00e1stico y del motel. En resumen, una exhibici\u00f3n deslumbrante de talento y humor a cargo de un escritor que confes\u00f3 que le hubiera encantado filmar los picnics de Lewis Carrol.<\/p>\n","protected":false},"excerpt":{"rendered":"<p>La historia de la obsesi\u00f3n de Humbert Humbert, un profesor cuarent\u00f3n, por la docea\u00f1era Lolita es una extraordinaria novela de amor en la que intervienen dos<span class=\"excerpt-hellip\"> [\u2026]<\/span><\/p>\n","protected":false},"featured_media":1087,"comment_status":"closed","ping_status":"closed","template":"","meta":[],"product_brand":[],"product_cat":[110],"product_tag":[],"class_list":{"0":"post-1050","1":"product","2":"type-product","3":"status-publish","4":"has-post-thumbnail","6":"product_cat-clasicos","8":"first","9":"outofstock","10":"sale","11":"taxable","12":"shipping-taxable","13":"purchasable","14":"product-type-simple"},"_links":{"self":[{"href":"https:\/\/www.mundilibros.cl\/web\/wp-json\/wp\/v2\/product\/1050","targetHints":{"allow":["GET"]}}],"collection":[{"href":"https:\/\/www.mundilibros.cl\/web\/wp-json\/wp\/v2\/product"}],"about":[{"href":"https:\/\/www.mundilibros.cl\/web\/wp-json\/wp\/v2\/types\/product"}],"replies":[{"embeddable":true,"href":"https:\/\/www.mundilibros.cl\/web\/wp-json\/wp\/v2\/comments?post=1050"}],"wp:featuredmedia":[{"embeddable":true,"href":"https:\/\/www.mundilibros.cl\/web\/wp-json\/wp\/v2\/media\/1087"}],"wp:attachment":[{"href":"https:\/\/www.mundilibros.cl\/web\/wp-json\/wp\/v2\/media?parent=1050"}],"wp:term":[{"taxonomy":"product_brand","embeddable":true,"href":"https:\/\/www.mundilibros.cl\/web\/wp-json\/wp\/v2\/product_brand?post=1050"},{"taxonomy":"product_cat","embeddable":true,"href":"https:\/\/www.mundilibros.cl\/web\/wp-json\/wp\/v2\/product_cat?post=1050"},{"taxonomy":"product_tag","embeddable":true,"href":"https:\/\/www.mundilibros.cl\/web\/wp-json\/wp\/v2\/product_tag?post=1050"}],"curies":[{"name":"wp","href":"https:\/\/api.w.org\/{rel}","templated":true}]}}