{"id":1052,"date":"2025-11-14T19:12:58","date_gmt":"2025-11-14T19:12:58","guid":{"rendered":"https:\/\/www.mundilibros.cl\/web\/?post_type=product&#038;p=1052"},"modified":"2025-11-14T19:15:14","modified_gmt":"2025-11-14T19:15:14","slug":"el-hombre-mas-rico-de-babilonia-tapa-dura","status":"publish","type":"product","link":"https:\/\/www.mundilibros.cl\/web\/producto\/el-hombre-mas-rico-de-babilonia-tapa-dura\/","title":{"rendered":"EL HOMBRE MAS RICO DE BABILONIA (TAPA DURA)"},"content":{"rendered":"<p>C\u00f3mo alcanzar el \u00e9xito y solucionar tus problemas financieros El \u00e9xito que alcanz\u00f3 con su empresa de impresi\u00f3n de mapas permiti\u00f3 a George S. Clason amasar una gran fortuna. El m\u00e9todo en el que ciment\u00f3 su gesti\u00f3n del dinero y que plasm\u00f3 en este libro lo convirtieron en uno de los mayores referentes en el \u00e1mbito de las finanzas personales. Desde que se publicase por primera vezn 1926, millones de personas en todo el mundo han le\u00eddo El hombre m\u00e1s rico de Babilonia, una compilaci\u00f3n de par\u00e1bolas que, en realidad, est\u00e1n comunicando una serie de pautas b\u00e1sicas para ayudar a mejorar la econom\u00eda personal y lograr la libertad financiera. Clason nos ense\u00f1ar\u00e1 a incrementar la capacidad de ahorro, reducir las deudas, generar ingresos pasivos&#8230;<\/p>\n","protected":false},"excerpt":{"rendered":"<p>C\u00f3mo alcanzar el \u00e9xito y solucionar tus problemas financieros El \u00e9xito que alcanz\u00f3 con su empresa de impresi\u00f3n de mapas permiti\u00f3 a George S. Clason amasar<span class=\"excerpt-hellip\"> [\u2026]<\/span><\/p>\n","protected":false},"featured_media":1089,"comment_status":"closed","ping_status":"closed","template":"","meta":[],"product_brand":[],"product_cat":[87],"product_tag":[],"class_list":{"0":"post-1052","1":"product","2":"type-product","3":"status-publish","4":"has-post-thumbnail","6":"product_cat-negocios","8":"first","9":"outofstock","10":"taxable","11":"shipping-taxable","12":"purchasable","13":"product-type-simple"},"_links":{"self":[{"href":"https:\/\/www.mundilibros.cl\/web\/wp-json\/wp\/v2\/product\/1052","targetHints":{"allow":["GET"]}}],"collection":[{"href":"https:\/\/www.mundilibros.cl\/web\/wp-json\/wp\/v2\/product"}],"about":[{"href":"https:\/\/www.mundilibros.cl\/web\/wp-json\/wp\/v2\/types\/product"}],"replies":[{"embeddable":true,"href":"https:\/\/www.mundilibros.cl\/web\/wp-json\/wp\/v2\/comments?post=1052"}],"wp:featuredmedia":[{"embeddable":true,"href":"https:\/\/www.mundilibros.cl\/web\/wp-json\/wp\/v2\/media\/1089"}],"wp:attachment":[{"href":"https:\/\/www.mundilibros.cl\/web\/wp-json\/wp\/v2\/media?parent=1052"}],"wp:term":[{"taxonomy":"product_brand","embeddable":true,"href":"https:\/\/www.mundilibros.cl\/web\/wp-json\/wp\/v2\/product_brand?post=1052"},{"taxonomy":"product_cat","embeddable":true,"href":"https:\/\/www.mundilibros.cl\/web\/wp-json\/wp\/v2\/product_cat?post=1052"},{"taxonomy":"product_tag","embeddable":true,"href":"https:\/\/www.mundilibros.cl\/web\/wp-json\/wp\/v2\/product_tag?post=1052"}],"curies":[{"name":"wp","href":"https:\/\/api.w.org\/{rel}","templated":true}]}}