{"id":1058,"date":"2025-11-14T19:13:21","date_gmt":"2025-11-14T19:13:21","guid":{"rendered":"https:\/\/www.mundilibros.cl\/web\/?post_type=product&#038;p=1058"},"modified":"2025-11-14T19:15:25","modified_gmt":"2025-11-14T19:15:25","slug":"heartstopper-3","status":"publish","type":"product","link":"https:\/\/www.mundilibros.cl\/web\/producto\/heartstopper-3\/","title":{"rendered":"HEARTSTOPPER 3"},"content":{"rendered":"<div class=\"product attribute description\">\n<div class=\"product attribute description\"><span class=\"value\">La novela gr\u00e1fica que conquist\u00f3 al mundo llega a VR YA! Charlie y Nick van al mismo colegio, aunque nunca se hab\u00edan cruzado hasta el d\u00eda en que los hacen sentarse juntos en su grupo de estudio. Muy pronto se vuelven amigos y m\u00e1s pronto a\u00fan Charlie comienza a sentir cosas por Nick&#8230;aunque sabe que es un imposible. Pero el amor obra de formas inesperadas, y Nick est\u00e1 m\u00e1s interesado en Charlie de lo que ninguno de los dos puede llegar a creer.<\/span><\/div>\n<div class=\"product attribute overview\">\n<div class=\"value std\">La webc\u00f3mic fen\u00f3meno de Tumblr con miles de fans en todo el mundo llega en versi\u00f3n impresa al espa\u00f1ol. \u2022 Una historia tierna y conmovedora, cargada de valores y mensajes positivos: amor propio, aceptaci\u00f3n, familia, amistad, entre otros. \u2022 Toca de manera sensible y cuidada tem\u00e1ticas importantes como el bullying, la honestidad, la familia, las enfermedades mentales, los trastornos alimenticios, la discriminaci\u00f3n, etc.<\/div>\n<\/div>\n<\/div>\n","protected":false},"excerpt":{"rendered":"<p>La novela gr\u00e1fica que conquist\u00f3 al mundo llega a VR YA! Charlie y Nick van al mismo colegio, aunque nunca se hab\u00edan cruzado hasta el d\u00eda<span class=\"excerpt-hellip\"> [\u2026]<\/span><\/p>\n","protected":false},"featured_media":1092,"comment_status":"closed","ping_status":"closed","template":"","meta":[],"product_brand":[],"product_cat":[58],"product_tag":[],"class_list":{"0":"post-1058","1":"product","2":"type-product","3":"status-publish","4":"has-post-thumbnail","6":"product_cat-juvenil","8":"first","9":"outofstock","10":"taxable","11":"shipping-taxable","12":"purchasable","13":"product-type-simple"},"_links":{"self":[{"href":"https:\/\/www.mundilibros.cl\/web\/wp-json\/wp\/v2\/product\/1058","targetHints":{"allow":["GET"]}}],"collection":[{"href":"https:\/\/www.mundilibros.cl\/web\/wp-json\/wp\/v2\/product"}],"about":[{"href":"https:\/\/www.mundilibros.cl\/web\/wp-json\/wp\/v2\/types\/product"}],"replies":[{"embeddable":true,"href":"https:\/\/www.mundilibros.cl\/web\/wp-json\/wp\/v2\/comments?post=1058"}],"wp:featuredmedia":[{"embeddable":true,"href":"https:\/\/www.mundilibros.cl\/web\/wp-json\/wp\/v2\/media\/1092"}],"wp:attachment":[{"href":"https:\/\/www.mundilibros.cl\/web\/wp-json\/wp\/v2\/media?parent=1058"}],"wp:term":[{"taxonomy":"product_brand","embeddable":true,"href":"https:\/\/www.mundilibros.cl\/web\/wp-json\/wp\/v2\/product_brand?post=1058"},{"taxonomy":"product_cat","embeddable":true,"href":"https:\/\/www.mundilibros.cl\/web\/wp-json\/wp\/v2\/product_cat?post=1058"},{"taxonomy":"product_tag","embeddable":true,"href":"https:\/\/www.mundilibros.cl\/web\/wp-json\/wp\/v2\/product_tag?post=1058"}],"curies":[{"name":"wp","href":"https:\/\/api.w.org\/{rel}","templated":true}]}}