{"id":1100,"date":"2025-11-14T19:15:32","date_gmt":"2025-11-14T19:15:32","guid":{"rendered":"https:\/\/www.mundilibros.cl\/web\/?post_type=product&#038;p=1100"},"modified":"2025-11-14T19:15:50","modified_gmt":"2025-11-14T19:15:50","slug":"after-antes-de-ella","status":"publish","type":"product","link":"https:\/\/www.mundilibros.cl\/web\/producto\/after-antes-de-ella\/","title":{"rendered":"AFTER ANTES DE ELLA"},"content":{"rendered":"<p>La nueva y esperada entrega de la serie que ha\u00a0conquistado a millones de lectores alrededor\u00a0del mundo.<\/p>\n<p>\u00abNunca imagin\u00f3 que la vida pod\u00eda ser as\u00ed, pero si lo hubiera hecho tampoco\u00a0le habr\u00eda importado. No le interesaba nada, ni \u00e9l mismo hasta que\u00a0lleg\u00f3 ella. Antes de ella estaba vac\u00edo, antes de ella no sab\u00eda lo que era la\u00a0felicidad o la plenitud, y \u00e9ste es su viaje hacia su vida con ella.\u00bb\u00a0Este nuevo libro, explora la historia del amor infinito entre Tessa y\u00a0Hardin desde otro punto de vista. Narrada por Hardin y otros protagonistas\u00a0de la serie, descubrir\u00e1s nuevas historias, nuevos momentos y una\u00a0nueva mirada a la historia de estas dos almas gemelas.\u00a0\u00abEstoy muy emocionada con la publicaci\u00f3n del nuevo libro de la serie\u00a0After. Para los lectores que han estado conmigo desde el principio, esta\u00a0entrega es una de las m\u00e1s esperadas: podr\u00e1n ver lo que pasa por la\u00a0mente de Hardin durante After. Una nueva dosis de\u201cHessa\u201dcon un\u00a0mont\u00f3n de contenido nuevo y alguna sorpresa.\u00bb<\/p>\n","protected":false},"excerpt":{"rendered":"<p><b>Una historia de amor que nadie quiere que acabe\u00a0y todo el mundo quiere vivir.<\/b><\/p>\n","protected":false},"featured_media":1112,"comment_status":"closed","ping_status":"closed","template":"","meta":[],"product_brand":[],"product_cat":[58],"product_tag":[],"class_list":{"0":"post-1100","1":"product","2":"type-product","3":"status-publish","4":"has-post-thumbnail","6":"product_cat-juvenil","8":"first","9":"outofstock","10":"taxable","11":"shipping-taxable","12":"purchasable","13":"product-type-simple"},"_links":{"self":[{"href":"https:\/\/www.mundilibros.cl\/web\/wp-json\/wp\/v2\/product\/1100","targetHints":{"allow":["GET"]}}],"collection":[{"href":"https:\/\/www.mundilibros.cl\/web\/wp-json\/wp\/v2\/product"}],"about":[{"href":"https:\/\/www.mundilibros.cl\/web\/wp-json\/wp\/v2\/types\/product"}],"replies":[{"embeddable":true,"href":"https:\/\/www.mundilibros.cl\/web\/wp-json\/wp\/v2\/comments?post=1100"}],"wp:featuredmedia":[{"embeddable":true,"href":"https:\/\/www.mundilibros.cl\/web\/wp-json\/wp\/v2\/media\/1112"}],"wp:attachment":[{"href":"https:\/\/www.mundilibros.cl\/web\/wp-json\/wp\/v2\/media?parent=1100"}],"wp:term":[{"taxonomy":"product_brand","embeddable":true,"href":"https:\/\/www.mundilibros.cl\/web\/wp-json\/wp\/v2\/product_brand?post=1100"},{"taxonomy":"product_cat","embeddable":true,"href":"https:\/\/www.mundilibros.cl\/web\/wp-json\/wp\/v2\/product_cat?post=1100"},{"taxonomy":"product_tag","embeddable":true,"href":"https:\/\/www.mundilibros.cl\/web\/wp-json\/wp\/v2\/product_tag?post=1100"}],"curies":[{"name":"wp","href":"https:\/\/api.w.org\/{rel}","templated":true}]}}