{"id":1102,"date":"2025-11-14T19:15:33","date_gmt":"2025-11-14T19:15:33","guid":{"rendered":"https:\/\/www.mundilibros.cl\/web\/?post_type=product&#038;p=1102"},"modified":"2025-11-14T19:15:59","modified_gmt":"2025-11-14T19:15:59","slug":"a-fuego-lento","status":"publish","type":"product","link":"https:\/\/www.mundilibros.cl\/web\/producto\/a-fuego-lento\/","title":{"rendered":"A FUEGO LENTO"},"content":{"rendered":"<p>El descubrimiento del cuerpo de un joven asesinado brutalmente en una casa flotante de Londres desencadena sospechas sobre tres mujeres. Laura es la chica conflictiva que qued\u00f3 con la v\u00edctima la noche en que muri\u00f3; Carla, a\u00fan de luto por la muerte de un familiar, es la t\u00eda del joven; y Miriam es la indiscreta vecina que oculta informaci\u00f3n sobre el caso a la polic\u00eda. Tres mujeres que no se conocen, pero que tienen distintas conexiones con la v\u00edctima. Tres mujeres que, por diferentes razones, viven con resentimiento y que, consciente o inconscientemente, esperan el momento de reparar el da\u00f1o que se les ha hecho.<\/p>\n<p><strong>Mira lo que has provocado.<\/strong><\/p>\n","protected":false},"excerpt":{"rendered":"<h3>27 millones de lectores la conocieron con\u00a0<em>La chica del tren<\/em>.<\/h3>\n","protected":false},"featured_media":1122,"comment_status":"closed","ping_status":"closed","template":"","meta":[],"product_brand":[],"product_cat":[29],"product_tag":[],"class_list":{"0":"post-1102","1":"product","2":"type-product","3":"status-publish","4":"has-post-thumbnail","6":"product_cat-suspenso-terror","8":"first","9":"outofstock","10":"sale","11":"taxable","12":"shipping-taxable","13":"purchasable","14":"product-type-simple"},"_links":{"self":[{"href":"https:\/\/www.mundilibros.cl\/web\/wp-json\/wp\/v2\/product\/1102","targetHints":{"allow":["GET"]}}],"collection":[{"href":"https:\/\/www.mundilibros.cl\/web\/wp-json\/wp\/v2\/product"}],"about":[{"href":"https:\/\/www.mundilibros.cl\/web\/wp-json\/wp\/v2\/types\/product"}],"replies":[{"embeddable":true,"href":"https:\/\/www.mundilibros.cl\/web\/wp-json\/wp\/v2\/comments?post=1102"}],"wp:featuredmedia":[{"embeddable":true,"href":"https:\/\/www.mundilibros.cl\/web\/wp-json\/wp\/v2\/media\/1122"}],"wp:attachment":[{"href":"https:\/\/www.mundilibros.cl\/web\/wp-json\/wp\/v2\/media?parent=1102"}],"wp:term":[{"taxonomy":"product_brand","embeddable":true,"href":"https:\/\/www.mundilibros.cl\/web\/wp-json\/wp\/v2\/product_brand?post=1102"},{"taxonomy":"product_cat","embeddable":true,"href":"https:\/\/www.mundilibros.cl\/web\/wp-json\/wp\/v2\/product_cat?post=1102"},{"taxonomy":"product_tag","embeddable":true,"href":"https:\/\/www.mundilibros.cl\/web\/wp-json\/wp\/v2\/product_tag?post=1102"}],"curies":[{"name":"wp","href":"https:\/\/api.w.org\/{rel}","templated":true}]}}