{"id":1104,"date":"2025-11-14T19:15:33","date_gmt":"2025-11-14T19:15:33","guid":{"rendered":"https:\/\/www.mundilibros.cl\/web\/?post_type=product&#038;p=1104"},"modified":"2025-11-27T19:53:28","modified_gmt":"2025-11-27T19:53:28","slug":"heartstopper-4","status":"publish","type":"product","link":"https:\/\/www.mundilibros.cl\/web\/producto\/heartstopper-4\/","title":{"rendered":"HEARTSTOPPER 4"},"content":{"rendered":"<div class=\"frase-mkt\">\n<p><strong>Una historia que toca el coraz\u00f3n.<\/strong><\/p>\n<\/div>\n<p>Charlie nunca pens\u00f3 que podr\u00eda gustarle a Nick, pero resulta que ahora son pareja. De forma oficial. Pero no solo eso, tambi\u00e9n cree que est\u00e1 preparado para decirle esas dos palabras que le provocan v\u00e9rtigo: te quiero.<\/p>\n<p>Nick siente lo mismo que Charlie, pero tambi\u00e9n tiene un mont\u00f3n de pensamientos rond\u00e1ndole la cabeza: adem\u00e1s de plantearse decirle a su padre que tiene novio, cree que Charlie tiene un trastorno de la alimentaci\u00f3n.<\/p>\n<p>Las semanas pasan y, en este nuevo curso escolar, Charlie y Nick est\u00e1n a punto de aprender qu\u00e9 significa el amor.<\/p>\n","protected":false},"excerpt":{"rendered":"<h3>M\u00e1s que palabras<\/h3>\n","protected":false},"featured_media":1124,"comment_status":"closed","ping_status":"closed","template":"","meta":[],"product_brand":[],"product_cat":[58],"product_tag":[],"class_list":{"0":"post-1104","1":"product","2":"type-product","3":"status-publish","4":"has-post-thumbnail","6":"product_cat-juvenil","8":"first","9":"outofstock","10":"taxable","11":"shipping-taxable","12":"purchasable","13":"product-type-simple"},"_links":{"self":[{"href":"https:\/\/www.mundilibros.cl\/web\/wp-json\/wp\/v2\/product\/1104","targetHints":{"allow":["GET"]}}],"collection":[{"href":"https:\/\/www.mundilibros.cl\/web\/wp-json\/wp\/v2\/product"}],"about":[{"href":"https:\/\/www.mundilibros.cl\/web\/wp-json\/wp\/v2\/types\/product"}],"replies":[{"embeddable":true,"href":"https:\/\/www.mundilibros.cl\/web\/wp-json\/wp\/v2\/comments?post=1104"}],"wp:featuredmedia":[{"embeddable":true,"href":"https:\/\/www.mundilibros.cl\/web\/wp-json\/wp\/v2\/media\/1124"}],"wp:attachment":[{"href":"https:\/\/www.mundilibros.cl\/web\/wp-json\/wp\/v2\/media?parent=1104"}],"wp:term":[{"taxonomy":"product_brand","embeddable":true,"href":"https:\/\/www.mundilibros.cl\/web\/wp-json\/wp\/v2\/product_brand?post=1104"},{"taxonomy":"product_cat","embeddable":true,"href":"https:\/\/www.mundilibros.cl\/web\/wp-json\/wp\/v2\/product_cat?post=1104"},{"taxonomy":"product_tag","embeddable":true,"href":"https:\/\/www.mundilibros.cl\/web\/wp-json\/wp\/v2\/product_tag?post=1104"}],"curies":[{"name":"wp","href":"https:\/\/api.w.org\/{rel}","templated":true}]}}