{"id":1115,"date":"2025-11-14T19:15:54","date_gmt":"2025-11-14T19:15:54","guid":{"rendered":"https:\/\/www.mundilibros.cl\/web\/?post_type=product&#038;p=1115"},"modified":"2025-11-14T19:16:27","modified_gmt":"2025-11-14T19:16:27","slug":"wolfsong-la-cancion-del-lobo-1","status":"publish","type":"product","link":"https:\/\/www.mundilibros.cl\/web\/producto\/wolfsong-la-cancion-del-lobo-1\/","title":{"rendered":"WOLFSONG: LA CANCI\u00d3N DEL LOBO 1"},"content":{"rendered":"<div class=\"product attribute description\"><span class=\"value\">Ox era un ni\u00f1o cuando su padre le ense\u00f1\u00f3 que nunca ser\u00eda nadie. Y lo crey\u00f3 por mucho tiempo. Hasta que se encontr\u00f3 a Joe al final de un camino. Un chico extra\u00f1o y explosivo, dispuesto a brindarle todo.<\/span><\/div>\n<div class=\"product attribute overview\">\n<div class=\"value std\">Un libro juvenil que atrapa al lector con su historia de intriga, amor y garras de lobo.<\/div>\n<\/div>\n","protected":false},"excerpt":{"rendered":"<p>Ox era un ni\u00f1o cuando su padre le ense\u00f1\u00f3 que nunca ser\u00eda nadie. Y lo crey\u00f3 por mucho tiempo. Hasta que se encontr\u00f3 a Joe al<span class=\"excerpt-hellip\"> [\u2026]<\/span><\/p>\n","protected":false},"featured_media":1131,"comment_status":"closed","ping_status":"closed","template":"","meta":[],"product_brand":[],"product_cat":[58],"product_tag":[],"class_list":{"0":"post-1115","1":"product","2":"type-product","3":"status-publish","4":"has-post-thumbnail","6":"product_cat-juvenil","8":"first","9":"outofstock","10":"sale","11":"taxable","12":"shipping-taxable","13":"purchasable","14":"product-type-simple"},"_links":{"self":[{"href":"https:\/\/www.mundilibros.cl\/web\/wp-json\/wp\/v2\/product\/1115","targetHints":{"allow":["GET"]}}],"collection":[{"href":"https:\/\/www.mundilibros.cl\/web\/wp-json\/wp\/v2\/product"}],"about":[{"href":"https:\/\/www.mundilibros.cl\/web\/wp-json\/wp\/v2\/types\/product"}],"replies":[{"embeddable":true,"href":"https:\/\/www.mundilibros.cl\/web\/wp-json\/wp\/v2\/comments?post=1115"}],"wp:featuredmedia":[{"embeddable":true,"href":"https:\/\/www.mundilibros.cl\/web\/wp-json\/wp\/v2\/media\/1131"}],"wp:attachment":[{"href":"https:\/\/www.mundilibros.cl\/web\/wp-json\/wp\/v2\/media?parent=1115"}],"wp:term":[{"taxonomy":"product_brand","embeddable":true,"href":"https:\/\/www.mundilibros.cl\/web\/wp-json\/wp\/v2\/product_brand?post=1115"},{"taxonomy":"product_cat","embeddable":true,"href":"https:\/\/www.mundilibros.cl\/web\/wp-json\/wp\/v2\/product_cat?post=1115"},{"taxonomy":"product_tag","embeddable":true,"href":"https:\/\/www.mundilibros.cl\/web\/wp-json\/wp\/v2\/product_tag?post=1115"}],"curies":[{"name":"wp","href":"https:\/\/api.w.org\/{rel}","templated":true}]}}