{"id":1120,"date":"2025-11-14T19:15:54","date_gmt":"2025-11-14T19:15:54","guid":{"rendered":"https:\/\/www.mundilibros.cl\/web\/?post_type=product&#038;p=1120"},"modified":"2025-11-14T19:16:49","modified_gmt":"2025-11-14T19:16:49","slug":"ill-be-there-siempre-contigo","status":"publish","type":"product","link":"https:\/\/www.mundilibros.cl\/web\/producto\/ill-be-there-siempre-contigo\/","title":{"rendered":"I\u00b4LL BE THERE. SIEMPRE CONTIGO"},"content":{"rendered":"<p>El padre de Sam tiene una enfermedad mental. Cree que le persiguen y oye voces. Por eso, y porque su medio de vida es el robo, no tienen un hogar y viajan de un lugar a otro llevando la casa a cuestas, en una furgoneta. Sam es un joven guapo e inteligente que, por tanto, nunca ha tenido una vida normal. Adem\u00e1s, ha de ocuparse de su hermano Riddle que es autista y depende de \u00e9l para todo. Un d\u00eda conoce a Emily, una joven que lleva una vida amable y ordenada, y que est\u00e1 muy unida a sus padres y a su hermano peque\u00f1o. El encuentro trastoca la vida de ambos porque se enamoran, y eso trae muchas complicaciones. Cuando los padres de Emily conocen a Sam y a su hermano se empe\u00f1an en ayudarlos a llevar\u00a0una vida normal. El padre de Sam, por el contrario, los obliga a meterse en la furgoneta y huir de nuevo, ya que no quiere que sus hijos tengan contacto con nadie. Los lleva hasta un parque natural y a punto est\u00e1 de matarlos con su rifle, llevado por la locura de las voces que oye y que le dictan c\u00f3mo debe hacer las cosas. Pero Sam se enfrenta a su padre y los tres caen por un precipicio. Mientras que el padre de Sam es rescatado y detenido como sospechoso de asesinato, los ni\u00f1os tienen que sobrevivir durante semanas en un lugar deshabitado, sin comida, ni techo, al borde de un r\u00edo salvaje. Un d\u00eda deciden coger un kayak abandonado y dejarse llevar por la corriente de agua del r\u00edo que corre por el parque natural. Ambos est\u00e1n a punto de morir pero se salvan, aunque cada uno va a parar a un lugar distinto y desconoce la suerte que ha corrido el otro. Al final, y despu\u00e9s de varias peripecias, ambos se reunir\u00e1n en casa de Emily y, con el padre de los chicos encarcelado, empezar\u00e1n a llevar una vida normal.<\/p>\n","protected":false},"excerpt":{"rendered":"<p>El padre de Sam tiene una enfermedad mental. Cree que le persiguen y oye voces. Por eso, y porque su medio de vida es el robo,<span class=\"excerpt-hellip\"> [\u2026]<\/span><\/p>\n","protected":false},"featured_media":1144,"comment_status":"closed","ping_status":"closed","template":"","meta":[],"product_brand":[],"product_cat":[89],"product_tag":[],"class_list":{"0":"post-1120","1":"product","2":"type-product","3":"status-publish","4":"has-post-thumbnail","6":"product_cat-ofertas","8":"first","9":"instock","10":"sale","11":"taxable","12":"shipping-taxable","13":"purchasable","14":"product-type-simple"},"_links":{"self":[{"href":"https:\/\/www.mundilibros.cl\/web\/wp-json\/wp\/v2\/product\/1120","targetHints":{"allow":["GET"]}}],"collection":[{"href":"https:\/\/www.mundilibros.cl\/web\/wp-json\/wp\/v2\/product"}],"about":[{"href":"https:\/\/www.mundilibros.cl\/web\/wp-json\/wp\/v2\/types\/product"}],"replies":[{"embeddable":true,"href":"https:\/\/www.mundilibros.cl\/web\/wp-json\/wp\/v2\/comments?post=1120"}],"wp:featuredmedia":[{"embeddable":true,"href":"https:\/\/www.mundilibros.cl\/web\/wp-json\/wp\/v2\/media\/1144"}],"wp:attachment":[{"href":"https:\/\/www.mundilibros.cl\/web\/wp-json\/wp\/v2\/media?parent=1120"}],"wp:term":[{"taxonomy":"product_brand","embeddable":true,"href":"https:\/\/www.mundilibros.cl\/web\/wp-json\/wp\/v2\/product_brand?post=1120"},{"taxonomy":"product_cat","embeddable":true,"href":"https:\/\/www.mundilibros.cl\/web\/wp-json\/wp\/v2\/product_cat?post=1120"},{"taxonomy":"product_tag","embeddable":true,"href":"https:\/\/www.mundilibros.cl\/web\/wp-json\/wp\/v2\/product_tag?post=1120"}],"curies":[{"name":"wp","href":"https:\/\/api.w.org\/{rel}","templated":true}]}}