{"id":1121,"date":"2025-11-14T19:15:54","date_gmt":"2025-11-14T19:15:54","guid":{"rendered":"https:\/\/www.mundilibros.cl\/web\/?post_type=product&#038;p=1121"},"modified":"2025-11-14T19:16:54","modified_gmt":"2025-11-14T19:16:54","slug":"recuerda-aquella-vez","status":"publish","type":"product","link":"https:\/\/www.mundilibros.cl\/web\/producto\/recuerda-aquella-vez\/","title":{"rendered":"RECUERDA AQUELLA VEZ"},"content":{"rendered":"<p>. Superventas del New York Times, Mejor libro juvenil Amazon 2015 y Mejor novela Booklist 2015. . Una novela sobre aceptaci\u00f3n y autodescubrimiento.. \u00abUn hermoso debut (.) Una novela imprescindible.\u00bb \u00bfY si pudieras borrar de tu mente los recuerdos que te impiden ser feliz?El Bronx, Nueva York, en un futuro no muy lejano. Aaron Soto, de diecis\u00e9is a\u00f1os, lucha por encontrar la felicidad a pesar de las cicatrices que arrastra, tanto f\u00edsicas como emocionales: el suicidio de su padre, su propio intento fallido de abandonar este mundo, una vida de necesidades y, para colmo, la inquietante atracci\u00f3n que siente por Thomas, su nuevo y ambiguo amigo. Con lo f\u00e1cil ser\u00eda su vida si pudiera borrar las experiencias acaecidas en estos \u00faltimos tiempos y empezar de cero junto a su novia, Genevieve, y sus camaradas de siempre. Afortunadamente, en el vecindario existe una sede del instituto Leteo, que ofrece la posibilidad de erradicar los recuerdos dif\u00edciles con un tratamiento revolucionario. Aaaron est\u00e1 dispuesto a olvidar a cualquier precio, sin saber que la felicidad y la infelicidad son dos caras de la misma moneda<\/p>\n","protected":false},"excerpt":{"rendered":"<p>. Superventas del New York Times, Mejor libro juvenil Amazon 2015 y Mejor novela Booklist 2015. . Una novela sobre aceptaci\u00f3n y autodescubrimiento.. \u00abUn hermoso debut<span class=\"excerpt-hellip\"> [\u2026]<\/span><\/p>\n","protected":false},"featured_media":1145,"comment_status":"closed","ping_status":"closed","template":"","meta":[],"product_brand":[],"product_cat":[58],"product_tag":[],"class_list":{"0":"post-1121","1":"product","2":"type-product","3":"status-publish","4":"has-post-thumbnail","6":"product_cat-juvenil","8":"first","9":"outofstock","10":"sale","11":"taxable","12":"shipping-taxable","13":"purchasable","14":"product-type-simple"},"_links":{"self":[{"href":"https:\/\/www.mundilibros.cl\/web\/wp-json\/wp\/v2\/product\/1121","targetHints":{"allow":["GET"]}}],"collection":[{"href":"https:\/\/www.mundilibros.cl\/web\/wp-json\/wp\/v2\/product"}],"about":[{"href":"https:\/\/www.mundilibros.cl\/web\/wp-json\/wp\/v2\/types\/product"}],"replies":[{"embeddable":true,"href":"https:\/\/www.mundilibros.cl\/web\/wp-json\/wp\/v2\/comments?post=1121"}],"wp:featuredmedia":[{"embeddable":true,"href":"https:\/\/www.mundilibros.cl\/web\/wp-json\/wp\/v2\/media\/1145"}],"wp:attachment":[{"href":"https:\/\/www.mundilibros.cl\/web\/wp-json\/wp\/v2\/media?parent=1121"}],"wp:term":[{"taxonomy":"product_brand","embeddable":true,"href":"https:\/\/www.mundilibros.cl\/web\/wp-json\/wp\/v2\/product_brand?post=1121"},{"taxonomy":"product_cat","embeddable":true,"href":"https:\/\/www.mundilibros.cl\/web\/wp-json\/wp\/v2\/product_cat?post=1121"},{"taxonomy":"product_tag","embeddable":true,"href":"https:\/\/www.mundilibros.cl\/web\/wp-json\/wp\/v2\/product_tag?post=1121"}],"curies":[{"name":"wp","href":"https:\/\/api.w.org\/{rel}","templated":true}]}}