{"id":1128,"date":"2025-11-14T19:16:22","date_gmt":"2025-11-14T19:16:22","guid":{"rendered":"https:\/\/www.mundilibros.cl\/web\/?post_type=product&#038;p=1128"},"modified":"2025-11-14T19:16:59","modified_gmt":"2025-11-14T19:16:59","slug":"33-razones-para-volver-a-verte-libro-1","status":"publish","type":"product","link":"https:\/\/www.mundilibros.cl\/web\/producto\/33-razones-para-volver-a-verte-libro-1\/","title":{"rendered":"33 RAZONES PARA VOLVER A VERTE (libro 1)"},"content":{"rendered":"<p>Primer libro de la serie \u00abVolver a ti\u00bb . Por fin una novela en Titania de Alice Kellen, todo un referente del New Adult espa\u00f1ol. . Una historia adictiva y muy rom\u00e1ntica, al m\u00e1s puro estilo de Alice Kellen. Mike, Rachel, Luke y Jason han sido amigos inseparables desde peque\u00f1os. Pero sus caminos se alejaron cuando Rachel cometi\u00f3 el error de enamorarse del chico equivocado, Mike, que termin\u00f3 traicionando a la \u00fanica persona que siempre estuvo dispuesta a arriesgarlo todo por \u00e9l. Cinco a\u00f1os despu\u00e9s, el destino vuelve a unirlos; pero ahora Rachel ha cambiado, es tan arisca como su gato Mantequilla y ya no se permite confiar en nadie. Por eso, a pesar de estar a punto de ser desahuciada, lo \u00faltimo que desea es dejarse convencer para mudarse con ellos. \u00bfC\u00f3mo podr\u00eda mantener su coraz\u00f3n intacto y a salvo viviendo bajo el mismo techo que Mike? Sabe que esconde secretos y que su mirada gris es capaz de despertar todos los recuerdos que ella lleva tanto tiempo intentando olvidar.<\/p>\n","protected":false},"excerpt":{"rendered":"<p>Primer libro de la serie \u00abVolver a ti\u00bb . Por fin una novela en Titania de Alice Kellen, todo un referente del New Adult espa\u00f1ol. .<span class=\"excerpt-hellip\"> [\u2026]<\/span><\/p>\n","protected":false},"featured_media":1147,"comment_status":"closed","ping_status":"closed","template":"","meta":[],"product_brand":[],"product_cat":[58],"product_tag":[],"class_list":{"0":"post-1128","1":"product","2":"type-product","3":"status-publish","4":"has-post-thumbnail","6":"product_cat-juvenil","8":"first","9":"outofstock","10":"sale","11":"taxable","12":"shipping-taxable","13":"purchasable","14":"product-type-simple"},"_links":{"self":[{"href":"https:\/\/www.mundilibros.cl\/web\/wp-json\/wp\/v2\/product\/1128","targetHints":{"allow":["GET"]}}],"collection":[{"href":"https:\/\/www.mundilibros.cl\/web\/wp-json\/wp\/v2\/product"}],"about":[{"href":"https:\/\/www.mundilibros.cl\/web\/wp-json\/wp\/v2\/types\/product"}],"replies":[{"embeddable":true,"href":"https:\/\/www.mundilibros.cl\/web\/wp-json\/wp\/v2\/comments?post=1128"}],"wp:featuredmedia":[{"embeddable":true,"href":"https:\/\/www.mundilibros.cl\/web\/wp-json\/wp\/v2\/media\/1147"}],"wp:attachment":[{"href":"https:\/\/www.mundilibros.cl\/web\/wp-json\/wp\/v2\/media?parent=1128"}],"wp:term":[{"taxonomy":"product_brand","embeddable":true,"href":"https:\/\/www.mundilibros.cl\/web\/wp-json\/wp\/v2\/product_brand?post=1128"},{"taxonomy":"product_cat","embeddable":true,"href":"https:\/\/www.mundilibros.cl\/web\/wp-json\/wp\/v2\/product_cat?post=1128"},{"taxonomy":"product_tag","embeddable":true,"href":"https:\/\/www.mundilibros.cl\/web\/wp-json\/wp\/v2\/product_tag?post=1128"}],"curies":[{"name":"wp","href":"https:\/\/api.w.org\/{rel}","templated":true}]}}