{"id":1139,"date":"2025-11-14T19:16:48","date_gmt":"2025-11-14T19:16:48","guid":{"rendered":"https:\/\/www.mundilibros.cl\/web\/?post_type=product&#038;p=1139"},"modified":"2025-11-14T19:17:11","modified_gmt":"2025-11-14T19:17:11","slug":"una-corte-de-rosas-y-espinas-libro-1","status":"publish","type":"product","link":"https:\/\/www.mundilibros.cl\/web\/producto\/una-corte-de-rosas-y-espinas-libro-1\/","title":{"rendered":"UNA CORTE DE ROSAS Y ESPINAS (Libro 1)"},"content":{"rendered":"<p>Cuando la cazadora de diecinueve a\u00f1os Feyre mata a un lobo en el bosque, una criatura bestial irrumpe en su casa para exigir una retribuci\u00f3n. Trasladada a una tierra m\u00e1gica y enga\u00f1osa que solo conoce a trav\u00e9s de leyendas, Feyre descubre que su captor no es un animal, sino Tamlin: una criatura inmortal y letal que alguna vez rein\u00f3 en su mundo. Mientras Feyre vive en su castillo, lo que siente por Tamlin muta de una hostilidad helada a una pasi\u00f3n ardiente y feroz, a pesar de todas las mentiras y advertencias a las que queda expuesta en ese mundo fant\u00e1stico, bello y peligroso. No obstante, una vil sombra ancestral sobre la tierra de los inmortales crece d\u00eda a d\u00eda, y Feyre debe encontrar la forma de detenerla&#8230; o condenar a Tamlin \u2013y a su mundo\u2013 para siempre.<\/p>\n","protected":false},"excerpt":{"rendered":"<p>Cuando la cazadora de diecinueve a\u00f1os Feyre mata a un lobo en el bosque, una criatura bestial irrumpe en su casa para exigir una retribuci\u00f3n. Trasladada<span class=\"excerpt-hellip\"> [\u2026]<\/span><\/p>\n","protected":false},"featured_media":1150,"comment_status":"closed","ping_status":"closed","template":"","meta":[],"product_brand":[],"product_cat":[58],"product_tag":[],"class_list":{"0":"post-1139","1":"product","2":"type-product","3":"status-publish","4":"has-post-thumbnail","6":"product_cat-juvenil","8":"first","9":"outofstock","10":"taxable","11":"shipping-taxable","12":"purchasable","13":"product-type-simple"},"_links":{"self":[{"href":"https:\/\/www.mundilibros.cl\/web\/wp-json\/wp\/v2\/product\/1139","targetHints":{"allow":["GET"]}}],"collection":[{"href":"https:\/\/www.mundilibros.cl\/web\/wp-json\/wp\/v2\/product"}],"about":[{"href":"https:\/\/www.mundilibros.cl\/web\/wp-json\/wp\/v2\/types\/product"}],"replies":[{"embeddable":true,"href":"https:\/\/www.mundilibros.cl\/web\/wp-json\/wp\/v2\/comments?post=1139"}],"wp:featuredmedia":[{"embeddable":true,"href":"https:\/\/www.mundilibros.cl\/web\/wp-json\/wp\/v2\/media\/1150"}],"wp:attachment":[{"href":"https:\/\/www.mundilibros.cl\/web\/wp-json\/wp\/v2\/media?parent=1139"}],"wp:term":[{"taxonomy":"product_brand","embeddable":true,"href":"https:\/\/www.mundilibros.cl\/web\/wp-json\/wp\/v2\/product_brand?post=1139"},{"taxonomy":"product_cat","embeddable":true,"href":"https:\/\/www.mundilibros.cl\/web\/wp-json\/wp\/v2\/product_cat?post=1139"},{"taxonomy":"product_tag","embeddable":true,"href":"https:\/\/www.mundilibros.cl\/web\/wp-json\/wp\/v2\/product_tag?post=1139"}],"curies":[{"name":"wp","href":"https:\/\/api.w.org\/{rel}","templated":true}]}}