{"id":1142,"date":"2025-11-14T19:16:49","date_gmt":"2025-11-14T19:16:49","guid":{"rendered":"https:\/\/www.mundilibros.cl\/web\/?post_type=product&#038;p=1142"},"modified":"2025-11-14T19:17:20","modified_gmt":"2025-11-14T19:17:20","slug":"asesino-de-brujas-3-dioses-y-monstruos","status":"publish","type":"product","link":"https:\/\/www.mundilibros.cl\/web\/producto\/asesino-de-brujas-3-dioses-y-monstruos\/","title":{"rendered":"ASESINO DE BRUJAS 3 DIOSES Y MONSTRUOS"},"content":{"rendered":"<p>La fascinante conclusi\u00f3n de la trilog\u00eda m\u00e1s vendida del New York Times e IndieBound: Asesino de brujas. Esta impresionante aventura fant\u00e1stica de brujas francesas y de un amor prohibido es perfecta para los lectores de Sarah J. Maas. El mal siempre busca un punto de apoyo. No debemos d\u00e1rselo. Despu\u00e9s de una p\u00e9rdida desgarradora, Lou, Reid, Beau y Coco est\u00e1n empe\u00f1ados en vengarse m\u00e1s que nunca, y ninguno m\u00e1s que Lou. Pero ella ya no es la Lou que cre\u00edan conocer. Ya no es la Lou que cautiv\u00f3 el coraz\u00f3n de un chasseur. Una oscuridad se ha apoderado de ella, y esta vez har\u00e1 falta m\u00e1s que el amor para expulsarla.<\/p>\n","protected":false},"excerpt":{"rendered":"<p>La fascinante conclusi\u00f3n de la trilog\u00eda m\u00e1s vendida del New York Times e IndieBound: Asesino de brujas. Esta impresionante aventura fant\u00e1stica de brujas francesas y de<span class=\"excerpt-hellip\"> [\u2026]<\/span><\/p>\n","protected":false},"featured_media":1160,"comment_status":"closed","ping_status":"closed","template":"","meta":[],"product_brand":[],"product_cat":[58],"product_tag":[],"class_list":{"0":"post-1142","1":"product","2":"type-product","3":"status-publish","4":"has-post-thumbnail","6":"product_cat-juvenil","8":"first","9":"outofstock","10":"sale","11":"taxable","12":"shipping-taxable","13":"purchasable","14":"product-type-simple"},"_links":{"self":[{"href":"https:\/\/www.mundilibros.cl\/web\/wp-json\/wp\/v2\/product\/1142","targetHints":{"allow":["GET"]}}],"collection":[{"href":"https:\/\/www.mundilibros.cl\/web\/wp-json\/wp\/v2\/product"}],"about":[{"href":"https:\/\/www.mundilibros.cl\/web\/wp-json\/wp\/v2\/types\/product"}],"replies":[{"embeddable":true,"href":"https:\/\/www.mundilibros.cl\/web\/wp-json\/wp\/v2\/comments?post=1142"}],"wp:featuredmedia":[{"embeddable":true,"href":"https:\/\/www.mundilibros.cl\/web\/wp-json\/wp\/v2\/media\/1160"}],"wp:attachment":[{"href":"https:\/\/www.mundilibros.cl\/web\/wp-json\/wp\/v2\/media?parent=1142"}],"wp:term":[{"taxonomy":"product_brand","embeddable":true,"href":"https:\/\/www.mundilibros.cl\/web\/wp-json\/wp\/v2\/product_brand?post=1142"},{"taxonomy":"product_cat","embeddable":true,"href":"https:\/\/www.mundilibros.cl\/web\/wp-json\/wp\/v2\/product_cat?post=1142"},{"taxonomy":"product_tag","embeddable":true,"href":"https:\/\/www.mundilibros.cl\/web\/wp-json\/wp\/v2\/product_tag?post=1142"}],"curies":[{"name":"wp","href":"https:\/\/api.w.org\/{rel}","templated":true}]}}