{"id":1143,"date":"2025-11-14T19:16:49","date_gmt":"2025-11-14T19:16:49","guid":{"rendered":"https:\/\/www.mundilibros.cl\/web\/?post_type=product&#038;p=1143"},"modified":"2025-11-14T19:17:24","modified_gmt":"2025-11-14T19:17:24","slug":"el-arte-en-ti","status":"publish","type":"product","link":"https:\/\/www.mundilibros.cl\/web\/producto\/el-arte-en-ti\/","title":{"rendered":"EL ARTE EN TI"},"content":{"rendered":"<p>Es la historia de dos chicos. Uno de ellos es un artista pesimista y otro chico con ceguera que parece ver la belleza a su alrededor. Juntos atravesar\u00e1n un romance que vivir\u00e1n distintas situaciones&#8230;.El destino puede unir personas de diferentes formas; pero cuando es mediante una desgracia, \u00bfQui\u00e9n pensar\u00eda que un suceso tan negro se pintar\u00eda de colores?<\/p>\n","protected":false},"excerpt":{"rendered":"<p>Es la historia de dos chicos. Uno de ellos es un artista pesimista y otro chico con ceguera que parece ver la belleza a su alrededor.<span class=\"excerpt-hellip\"> [\u2026]<\/span><\/p>\n","protected":false},"featured_media":1161,"comment_status":"closed","ping_status":"closed","template":"","meta":[],"product_brand":[],"product_cat":[58],"product_tag":[],"class_list":{"0":"post-1143","1":"product","2":"type-product","3":"status-publish","4":"has-post-thumbnail","6":"product_cat-juvenil","8":"first","9":"instock","10":"sale","11":"taxable","12":"shipping-taxable","13":"purchasable","14":"product-type-simple"},"_links":{"self":[{"href":"https:\/\/www.mundilibros.cl\/web\/wp-json\/wp\/v2\/product\/1143","targetHints":{"allow":["GET"]}}],"collection":[{"href":"https:\/\/www.mundilibros.cl\/web\/wp-json\/wp\/v2\/product"}],"about":[{"href":"https:\/\/www.mundilibros.cl\/web\/wp-json\/wp\/v2\/types\/product"}],"replies":[{"embeddable":true,"href":"https:\/\/www.mundilibros.cl\/web\/wp-json\/wp\/v2\/comments?post=1143"}],"wp:featuredmedia":[{"embeddable":true,"href":"https:\/\/www.mundilibros.cl\/web\/wp-json\/wp\/v2\/media\/1161"}],"wp:attachment":[{"href":"https:\/\/www.mundilibros.cl\/web\/wp-json\/wp\/v2\/media?parent=1143"}],"wp:term":[{"taxonomy":"product_brand","embeddable":true,"href":"https:\/\/www.mundilibros.cl\/web\/wp-json\/wp\/v2\/product_brand?post=1143"},{"taxonomy":"product_cat","embeddable":true,"href":"https:\/\/www.mundilibros.cl\/web\/wp-json\/wp\/v2\/product_cat?post=1143"},{"taxonomy":"product_tag","embeddable":true,"href":"https:\/\/www.mundilibros.cl\/web\/wp-json\/wp\/v2\/product_tag?post=1143"}],"curies":[{"name":"wp","href":"https:\/\/api.w.org\/{rel}","templated":true}]}}