{"id":1170,"date":"2025-11-14T19:17:41","date_gmt":"2025-11-14T19:17:41","guid":{"rendered":"https:\/\/www.mundilibros.cl\/web\/?post_type=product&#038;p=1170"},"modified":"2025-11-14T19:17:58","modified_gmt":"2025-11-14T19:17:58","slug":"pideme-lo-que-quieras-estuche-pack","status":"publish","type":"product","link":"https:\/\/www.mundilibros.cl\/web\/producto\/pideme-lo-que-quieras-estuche-pack\/","title":{"rendered":"PIDEME LO QUE QUIERAS ESTUCHE PACK"},"content":{"rendered":"<p>P\u00eddeme lo que quieras Tras la muerte de su padre, el empresario Eric Zimmerman viaja a Espa\u00f1a para supervisar las delegaciones de la empresa M\u00fcller. En Madrid conoce a Judith, una joven ingeniosa de la que se encapricha. Judith acepta formar parte de sus juegos sexuales. Pero la relaci\u00f3n se intensifica y Eric teme que se descubra su secreto, algo que podr\u00eda marcar el principio o el fin de la relaci\u00f3n.\u00a0 P\u00eddeme lo que quieras, ahora y siempre Despu\u00e9s de provocar su despido, Judith decide alejarse de Eric. Para ello se refugia en casa de su padre. \u00c9l le sigue el rastro. Las fantas\u00edas sexuales est\u00e1n muy vivas, pero esta vez Judith impondr\u00e1 sus condiciones. Todo vuelve a la normalidad, hasta que una llamada los env\u00eda a M\u00fanich. Lejos de todo, y con la aparici\u00f3n del sobrino de Eric, tendr\u00e1 que decidir si darle una nueva oportunidad.\u00a0 P\u00eddeme lo que quieras o d\u00e9jame Judith y Eric regresan de su viaje tras una boda de ensue\u00f1o. \u00c9l es el hombre m\u00e1s feliz del mundo y no se imagina su vida sin ella; pero, los celos y el af\u00e1n de protecci\u00f3n de \u00e9l los enfrentan. Judith est\u00e1 encantada con su Iceman particular, aunque se llene el cuello de ronchones. Disfruta de sus juegos sexuales, excepto cuando le susurra que uno de sus mayores deseos es tener un hijo. P\u00eddeme lo que quieras y yo te lo dar\u00e9 Eric Zimmerman y Judith Flores siguen tan enamorados como el primer d\u00eda. Juntos han formado una preciosa familia. Bj\u00f6rn y Mel contin\u00faan con su historia de amor junto a la pinsesa Sami. Aunque Bj\u00f6rn no consigue que Mel se case con \u00e9l. Ambas parejas se quieren y se respetan, hasta que de repente personas y sorpresas del pasado irrumpen en sus vidas y lo ponen todo patas arriba.<\/p>\n","protected":false},"excerpt":{"rendered":"<p>P\u00eddeme lo que quieras Tras la muerte de su padre, el empresario Eric Zimmerman viaja a Espa\u00f1a para supervisar las delegaciones de la empresa M\u00fcller. En<span class=\"excerpt-hellip\"> [\u2026]<\/span><\/p>\n","protected":false},"featured_media":1181,"comment_status":"closed","ping_status":"closed","template":"","meta":[],"product_brand":[],"product_cat":[323],"product_tag":[],"class_list":{"0":"post-1170","1":"product","2":"type-product","3":"status-publish","4":"has-post-thumbnail","6":"product_cat-novela-erotica","8":"first","9":"outofstock","10":"sale","11":"taxable","12":"shipping-taxable","13":"purchasable","14":"product-type-simple"},"_links":{"self":[{"href":"https:\/\/www.mundilibros.cl\/web\/wp-json\/wp\/v2\/product\/1170","targetHints":{"allow":["GET"]}}],"collection":[{"href":"https:\/\/www.mundilibros.cl\/web\/wp-json\/wp\/v2\/product"}],"about":[{"href":"https:\/\/www.mundilibros.cl\/web\/wp-json\/wp\/v2\/types\/product"}],"replies":[{"embeddable":true,"href":"https:\/\/www.mundilibros.cl\/web\/wp-json\/wp\/v2\/comments?post=1170"}],"wp:featuredmedia":[{"embeddable":true,"href":"https:\/\/www.mundilibros.cl\/web\/wp-json\/wp\/v2\/media\/1181"}],"wp:attachment":[{"href":"https:\/\/www.mundilibros.cl\/web\/wp-json\/wp\/v2\/media?parent=1170"}],"wp:term":[{"taxonomy":"product_brand","embeddable":true,"href":"https:\/\/www.mundilibros.cl\/web\/wp-json\/wp\/v2\/product_brand?post=1170"},{"taxonomy":"product_cat","embeddable":true,"href":"https:\/\/www.mundilibros.cl\/web\/wp-json\/wp\/v2\/product_cat?post=1170"},{"taxonomy":"product_tag","embeddable":true,"href":"https:\/\/www.mundilibros.cl\/web\/wp-json\/wp\/v2\/product_tag?post=1170"}],"curies":[{"name":"wp","href":"https:\/\/api.w.org\/{rel}","templated":true}]}}