{"id":1173,"date":"2025-11-14T19:17:41","date_gmt":"2025-11-14T19:17:41","guid":{"rendered":"https:\/\/www.mundilibros.cl\/web\/?post_type=product&#038;p=1173"},"modified":"2025-11-14T19:18:06","modified_gmt":"2025-11-14T19:18:06","slug":"crimen-y-castigo-biblok","status":"publish","type":"product","link":"https:\/\/www.mundilibros.cl\/web\/producto\/crimen-y-castigo-biblok\/","title":{"rendered":"CRIMEN Y CASTIGO biblok"},"content":{"rendered":"<p>En Crimen y castigo el joven estudiante Rask\u00f3lnikov decide escenificar su nihilismo y hacer de paso un favor a la sociedad asesinando a una vieja usurera, un \u00abpar\u00e1sito\u00bb seg\u00fan sus propias palabras\u0085 As\u00ed se enmarca una novela que expresa la esencia m\u00e1s profunda de la tragedia, a la que el autor altera la cat\u00e1strofe final mostrando sobre las tablas la historia el crimen y el castigo, esto es, el fruto de la catarsis de la piedad y el terror en el alma del protagonista. Stefan Zweig describi\u00f3 a Dostoyevski como \u00abel mejor conocedor del alma humana de todos los tiempos\u00bb, pero son una especie singular de almas las que seducen al autor: las almas atormentadas que describe como el escenario del apocalipsis, donde lo m\u00e1s terriblemente humano aparece unido a lo m\u00e1s sublime, la interpretaci\u00f3n del filos\u00f3fico asesino Rask\u00f3lnikov en la lectura de Sonia, como L\u00e1zaro resucitando de entre los muertos; las siniestras y enigm\u00e1ticas perversidades de Svidrigailov; el apasionante juego mental, transido de humor, entre las inteligencias de Rask\u00f3lnikov y Petrovitch\u0085 son algunas de las piezas estelares de una de las cimas de la literatura universal.<\/p>\n","protected":false},"excerpt":{"rendered":"<p>En Crimen y castigo el joven estudiante Rask\u00f3lnikov decide escenificar su nihilismo y hacer de paso un favor a la sociedad asesinando a una vieja usurera,<span class=\"excerpt-hellip\"> [\u2026]<\/span><\/p>\n","protected":false},"featured_media":1190,"comment_status":"closed","ping_status":"closed","template":"","meta":[],"product_brand":[],"product_cat":[110],"product_tag":[],"class_list":{"0":"post-1173","1":"product","2":"type-product","3":"status-publish","4":"has-post-thumbnail","6":"product_cat-clasicos","8":"first","9":"outofstock","10":"sale","11":"taxable","12":"shipping-taxable","13":"purchasable","14":"product-type-simple"},"_links":{"self":[{"href":"https:\/\/www.mundilibros.cl\/web\/wp-json\/wp\/v2\/product\/1173","targetHints":{"allow":["GET"]}}],"collection":[{"href":"https:\/\/www.mundilibros.cl\/web\/wp-json\/wp\/v2\/product"}],"about":[{"href":"https:\/\/www.mundilibros.cl\/web\/wp-json\/wp\/v2\/types\/product"}],"replies":[{"embeddable":true,"href":"https:\/\/www.mundilibros.cl\/web\/wp-json\/wp\/v2\/comments?post=1173"}],"wp:featuredmedia":[{"embeddable":true,"href":"https:\/\/www.mundilibros.cl\/web\/wp-json\/wp\/v2\/media\/1190"}],"wp:attachment":[{"href":"https:\/\/www.mundilibros.cl\/web\/wp-json\/wp\/v2\/media?parent=1173"}],"wp:term":[{"taxonomy":"product_brand","embeddable":true,"href":"https:\/\/www.mundilibros.cl\/web\/wp-json\/wp\/v2\/product_brand?post=1173"},{"taxonomy":"product_cat","embeddable":true,"href":"https:\/\/www.mundilibros.cl\/web\/wp-json\/wp\/v2\/product_cat?post=1173"},{"taxonomy":"product_tag","embeddable":true,"href":"https:\/\/www.mundilibros.cl\/web\/wp-json\/wp\/v2\/product_tag?post=1173"}],"curies":[{"name":"wp","href":"https:\/\/api.w.org\/{rel}","templated":true}]}}