{"id":1175,"date":"2025-11-14T19:17:41","date_gmt":"2025-11-14T19:17:41","guid":{"rendered":"https:\/\/www.mundilibros.cl\/web\/?post_type=product&#038;p=1175"},"modified":"2025-11-14T19:18:11","modified_gmt":"2025-11-14T19:18:11","slug":"antes-de-diciembre","status":"publish","type":"product","link":"https:\/\/www.mundilibros.cl\/web\/producto\/antes-de-diciembre\/","title":{"rendered":"ANTES DE DICIEMBRE"},"content":{"rendered":"<p>Para Jenna Brown, su primer a\u00f1o en la universidad supon\u00eda alejarse de su familia y sus amigos y enfrentarse al mundo por primera vez en su vida. Su novio le hab\u00eda dejado claras sus intenciones: a partir de ese momento, ten\u00edan una relaci\u00f3n a distancia y abierta. Ambos pod\u00edan hacer lo que quisieran porque sab\u00edan que se quer\u00edan el uno al otro. As\u00ed que no pasaba nada si no dejaba de acercarse al mejor amigo del novio de su compa\u00f1era de habitaci\u00f3n, \u00bfno? De todos modos, \u00bfqu\u00e9 importaba si estaba con \u00e9l en ausencia de su novio? Todo volver\u00eda a la normalidad en diciembre. \u00bfCambiar\u00eda algo? Ten\u00eda hasta entonces para descubrirlo.<\/p>\n","protected":false},"excerpt":{"rendered":"<p>Para Jenna Brown, su primer a\u00f1o en la universidad supon\u00eda alejarse de su familia y sus amigos y enfrentarse al mundo por primera vez en su<span class=\"excerpt-hellip\"> [\u2026]<\/span><\/p>\n","protected":false},"featured_media":1192,"comment_status":"closed","ping_status":"closed","template":"","meta":[],"product_brand":[],"product_cat":[58],"product_tag":[],"class_list":{"0":"post-1175","1":"product","2":"type-product","3":"status-publish","4":"has-post-thumbnail","6":"product_cat-juvenil","8":"first","9":"outofstock","10":"sale","11":"taxable","12":"shipping-taxable","13":"purchasable","14":"product-type-simple"},"_links":{"self":[{"href":"https:\/\/www.mundilibros.cl\/web\/wp-json\/wp\/v2\/product\/1175","targetHints":{"allow":["GET"]}}],"collection":[{"href":"https:\/\/www.mundilibros.cl\/web\/wp-json\/wp\/v2\/product"}],"about":[{"href":"https:\/\/www.mundilibros.cl\/web\/wp-json\/wp\/v2\/types\/product"}],"replies":[{"embeddable":true,"href":"https:\/\/www.mundilibros.cl\/web\/wp-json\/wp\/v2\/comments?post=1175"}],"wp:featuredmedia":[{"embeddable":true,"href":"https:\/\/www.mundilibros.cl\/web\/wp-json\/wp\/v2\/media\/1192"}],"wp:attachment":[{"href":"https:\/\/www.mundilibros.cl\/web\/wp-json\/wp\/v2\/media?parent=1175"}],"wp:term":[{"taxonomy":"product_brand","embeddable":true,"href":"https:\/\/www.mundilibros.cl\/web\/wp-json\/wp\/v2\/product_brand?post=1175"},{"taxonomy":"product_cat","embeddable":true,"href":"https:\/\/www.mundilibros.cl\/web\/wp-json\/wp\/v2\/product_cat?post=1175"},{"taxonomy":"product_tag","embeddable":true,"href":"https:\/\/www.mundilibros.cl\/web\/wp-json\/wp\/v2\/product_tag?post=1175"}],"curies":[{"name":"wp","href":"https:\/\/api.w.org\/{rel}","templated":true}]}}