{"id":1177,"date":"2025-11-14T19:17:41","date_gmt":"2025-11-14T19:17:41","guid":{"rendered":"https:\/\/www.mundilibros.cl\/web\/?post_type=product&#038;p=1177"},"modified":"2025-11-14T19:18:17","modified_gmt":"2025-11-14T19:18:17","slug":"edgar-allan-poe-obras-completa-3-libros","status":"publish","type":"product","link":"https:\/\/www.mundilibros.cl\/web\/producto\/edgar-allan-poe-obras-completa-3-libros\/","title":{"rendered":"EDGAR ALLAN POE OBRAS COMPLETA 3 LIBROS"},"content":{"rendered":"<p align=\"left\"><strong>TOMO 1:<\/strong><br \/>\nNarraciones extraordinarias, parte 1<em>: Metzengerstein, El duque de L\u2019Omelette, Cuento de Jerusal\u00e9n, El aliento perdido, Bon-Bon, Manuscrito encontrado en una botella, La cita, Berenice, Morella, Los leones, La incomparable aventura de un tal Hans Pfaall, El Rey Peste, La sombra: una par\u00e1bola, Cuatro bestias en una, Mixtificaci\u00f3n, Silencio, Ligeia, C\u00f3mo escribir un art\u00edculo a la manera del Blackwood, Una malaventura, El diablo en el campanario, El hombre que se gast\u00f3, La ca\u00edda de la casa Usher, William Wilson, La conversaci\u00f3n de Eiros y Charmion, Por qu\u00e9 el peque\u00f1o franc\u00e9s lleva la mano en cabestrillo, El hombre de negocios, El hombre de la multitud, Los cr\u00edmenes de la rue Morgue, Un descenso al Maelstr\u00f6m, La isla del hada, El coloquio de monos y una, Nunca apuestes tu cabeza al diablo, Eleonora, Tres domingos por semana, El retrato oval, La m\u00e1scara de la Muerte Roja, El dominio de Arnheim o El jard\u00edn-paisaje, El misterio de Marie Rog\u00eat, El pozo y el p\u00e9ndulo, El coraz\u00f3n delator, El escarabajo de oro.<\/em><\/p>\n<p align=\"left\"><strong>TOMO 2:<\/strong><br \/>\nNarraciones extraordinarias, parte 2<em>: El gato negro, El timo, Los anteojos, Una historia de las monta\u00f1as Ragged, El camelo del globo, El entierro prematuro, Revelaci\u00f3n mesm\u00e9rica, La caja oblonga, El \u00e1ngel de lo singular, T\u00fa eres el hombre, Autobiograf\u00eda literaria de Thingum Bob, esq., La carta robada, El cuento mil y dos de Scheherazade, Conversaci\u00f3n con una momia, El poder de las palabras, El demonio de la perversidad, El sistema del doctor Tarr y del profesor Fether, La verdad sobre el caso del se\u00f1or Valdemar, La esfinge, El tonel de Amontillado, Mellonta Tauta, Hop-Frog, Von Kempelen y su descubrimiento, X en un suelto, El cottage de Landor.<br \/>\n<\/em><span class=\"style3\">+<\/span>\u00a0Aventuras de Arthur Gordon Pym.<br \/>\n<span class=\"style3\">+<\/span>\u00a0Relatos incompletos:\u00a0<em>El faro, El diario de Julius Rodman, Politian.<\/em><\/p>\n<p align=\"left\"><strong>TOMO 3:<\/strong><em><br \/>\n<\/em>Poes\u00eda:\u00a0<em>Toda la poes\u00eda del autor, incluyendo El Cuervo (ilustrado por Dor\u00e9), Annabel Lee, A mi madre, A Helena, La ciudad en el fondo del mar, Dreamland, Eldorado, Un sue\u00f1o dentro de un sue\u00f1o&#8230;<br \/>\n<\/em><span class=\"style3\">+<\/span>\u00a0Ensayos:\u00a0<em>Filosof\u00eda de la composici\u00f3n, El principio po\u00e9tico, Longfellow, Hawthorne, Charles Dickens, \u201cArabia p\u00e9trea\u201d, El jugador de ajedrez de Maelzel, Filosof\u00eda del moblaje, Criptograf\u00eda, Marginalia, Eureka.<br \/>\n<\/em><span class=\"style3\">+<\/span>\u00a0Cartas:<em>\u00a0Cartas de Edgar Allan Poe escritas entre 1826 y 1849.<\/em><\/p>\n<p align=\"left\">\n","protected":false},"excerpt":{"rendered":"<p>TOMO 1: Narraciones extraordinarias, parte 1: Metzengerstein, El duque de L\u2019Omelette, Cuento de Jerusal\u00e9n, El aliento perdido, Bon-Bon, Manuscrito encontrado en una botella, La cita, Berenice,<span class=\"excerpt-hellip\"> [\u2026]<\/span><\/p>\n","protected":false},"featured_media":1194,"comment_status":"closed","ping_status":"closed","template":"","meta":[],"product_brand":[],"product_cat":[110],"product_tag":[],"class_list":{"0":"post-1177","1":"product","2":"type-product","3":"status-publish","4":"has-post-thumbnail","6":"product_cat-clasicos","8":"first","9":"outofstock","10":"taxable","11":"shipping-taxable","12":"purchasable","13":"product-type-simple"},"_links":{"self":[{"href":"https:\/\/www.mundilibros.cl\/web\/wp-json\/wp\/v2\/product\/1177","targetHints":{"allow":["GET"]}}],"collection":[{"href":"https:\/\/www.mundilibros.cl\/web\/wp-json\/wp\/v2\/product"}],"about":[{"href":"https:\/\/www.mundilibros.cl\/web\/wp-json\/wp\/v2\/types\/product"}],"replies":[{"embeddable":true,"href":"https:\/\/www.mundilibros.cl\/web\/wp-json\/wp\/v2\/comments?post=1177"}],"wp:featuredmedia":[{"embeddable":true,"href":"https:\/\/www.mundilibros.cl\/web\/wp-json\/wp\/v2\/media\/1194"}],"wp:attachment":[{"href":"https:\/\/www.mundilibros.cl\/web\/wp-json\/wp\/v2\/media?parent=1177"}],"wp:term":[{"taxonomy":"product_brand","embeddable":true,"href":"https:\/\/www.mundilibros.cl\/web\/wp-json\/wp\/v2\/product_brand?post=1177"},{"taxonomy":"product_cat","embeddable":true,"href":"https:\/\/www.mundilibros.cl\/web\/wp-json\/wp\/v2\/product_cat?post=1177"},{"taxonomy":"product_tag","embeddable":true,"href":"https:\/\/www.mundilibros.cl\/web\/wp-json\/wp\/v2\/product_tag?post=1177"}],"curies":[{"name":"wp","href":"https:\/\/api.w.org\/{rel}","templated":true}]}}