{"id":1186,"date":"2025-11-14T19:18:05","date_gmt":"2025-11-14T19:18:05","guid":{"rendered":"https:\/\/www.mundilibros.cl\/web\/?post_type=product&#038;p=1186"},"modified":"2025-11-14T19:18:19","modified_gmt":"2025-11-14T19:18:19","slug":"el-hombre-que-calculaba","status":"publish","type":"product","link":"https:\/\/www.mundilibros.cl\/web\/producto\/el-hombre-que-calculaba\/","title":{"rendered":"EL HOMBRE QUE CALCULABA"},"content":{"rendered":"<p>El Hombre que Calculaba fue publicado originalmente en 1938. Desde esa fecha hasta hoy ha sido reeditado centenares de veces en diversos idiomas y distintos lugares del mundo, y conseguido millones de entusiastas lectores. \u00bfPor qu\u00e9 esta pasi\u00f3n por un tema en apariencia \u00e1rido y complejo?La sabidur\u00eda de Tahan est\u00e1 en plantear problemas matem\u00e1ticos a trav\u00e9s de los relatos y an\u00e9cdotas de Beremiz Samir (\u00abel hombre que calculaba\u00bb), todos llenos de poes\u00eda, magia, exotismo y fascinaci\u00f3n por el mundo \u00e1rabe. La habilidad de Samir con los n\u00fameros se extiende mucho m\u00e1s all\u00e1 de resolver acertijos: tambi\u00e9n zanja disputas, da consejos para ganar fortunas y ayuda a sus interlocutores en la vida cotidiana. As\u00ed, entonces, estas p\u00e1ginas mantienen hasta hoy su vigencia para las nuevas generaciones como una seductora puerta de entrada al mundo de los n\u00fameros.<\/p>\n<p>medidas 12 x 19 cms<br \/>\nnro de paginas : 317<\/p>\n","protected":false},"excerpt":{"rendered":"<p>El Hombre que Calculaba fue publicado originalmente en 1938. Desde esa fecha hasta hoy ha sido reeditado centenares de veces en diversos idiomas y distintos lugares<span class=\"excerpt-hellip\"> [\u2026]<\/span><\/p>\n","protected":false},"featured_media":1197,"comment_status":"closed","ping_status":"closed","template":"","meta":[],"product_brand":[],"product_cat":[89],"product_tag":[],"class_list":{"0":"post-1186","1":"product","2":"type-product","3":"status-publish","4":"has-post-thumbnail","6":"product_cat-ofertas","8":"first","9":"outofstock","10":"sale","11":"taxable","12":"shipping-taxable","13":"purchasable","14":"product-type-simple"},"_links":{"self":[{"href":"https:\/\/www.mundilibros.cl\/web\/wp-json\/wp\/v2\/product\/1186","targetHints":{"allow":["GET"]}}],"collection":[{"href":"https:\/\/www.mundilibros.cl\/web\/wp-json\/wp\/v2\/product"}],"about":[{"href":"https:\/\/www.mundilibros.cl\/web\/wp-json\/wp\/v2\/types\/product"}],"replies":[{"embeddable":true,"href":"https:\/\/www.mundilibros.cl\/web\/wp-json\/wp\/v2\/comments?post=1186"}],"wp:featuredmedia":[{"embeddable":true,"href":"https:\/\/www.mundilibros.cl\/web\/wp-json\/wp\/v2\/media\/1197"}],"wp:attachment":[{"href":"https:\/\/www.mundilibros.cl\/web\/wp-json\/wp\/v2\/media?parent=1186"}],"wp:term":[{"taxonomy":"product_brand","embeddable":true,"href":"https:\/\/www.mundilibros.cl\/web\/wp-json\/wp\/v2\/product_brand?post=1186"},{"taxonomy":"product_cat","embeddable":true,"href":"https:\/\/www.mundilibros.cl\/web\/wp-json\/wp\/v2\/product_cat?post=1186"},{"taxonomy":"product_tag","embeddable":true,"href":"https:\/\/www.mundilibros.cl\/web\/wp-json\/wp\/v2\/product_tag?post=1186"}],"curies":[{"name":"wp","href":"https:\/\/api.w.org\/{rel}","templated":true}]}}