{"id":1187,"date":"2025-11-14T19:18:05","date_gmt":"2025-11-14T19:18:05","guid":{"rendered":"https:\/\/www.mundilibros.cl\/web\/?post_type=product&#038;p=1187"},"modified":"2025-12-21T18:31:38","modified_gmt":"2025-12-21T18:31:38","slug":"el-kybalion-tres-iniciados","status":"publish","type":"product","link":"https:\/\/www.mundilibros.cl\/web\/producto\/el-kybalion-tres-iniciados\/","title":{"rendered":"EL KYBALION TRES INICIADOS"},"content":{"rendered":"<p>Tres Iniciados<\/p>\n<p>Estudio sobre la filosof\u00eda herm\u00e9tica del Antiguo Egipto y Grecia.<\/p>\n<p>La palabra \u201chermetismo\u201d ha adquirido con el tiempo el significado de \u201cimpenetrable o cerrado\u201d y no en vano esta palabra es la misma con la que se denomina a la doctrina creada por Hermes Trismegisto y tema central de este libro. Muchos dir\u00e1n que las ideas plasmadas en \u201cEl Kybali\u00f3n\u201d son dif\u00edciles de entender, hasta incomprensibles, pero el que mira desde afuera nunca podr\u00e1 regocijarse en la totalidad del conocimiento, nunca podr\u00e1 entender la grandiosidad de ver los hilos que mueven al mundo. Los siete principios explicados en \u201cEl Kybali\u00f3n\u201d, fruto de la sabidur\u00eda inagotable de Hermes Trismegisto, y recogidos aqu\u00ed por los Tres Iniciados, son una entrada a la filosof\u00eda herm\u00e9tica por la puerta grande, son el resumen de una visi\u00f3n del mundo total y de las ideas del que es considerado como el padre de la alquimia, la astrolog\u00eda y otras artes m\u00e1gicas. \u201cEl Kybali\u00f3n\u201d es una ventana a una nueva percepci\u00f3n de la realidad y ahora la tienes en tus manos.<\/p>\n","protected":false},"excerpt":{"rendered":"<p>Tres Iniciados Estudio sobre la filosof\u00eda herm\u00e9tica del Antiguo Egipto y Grecia. La palabra \u201chermetismo\u201d ha adquirido con el tiempo el significado de \u201cimpenetrable o cerrado\u201d<span class=\"excerpt-hellip\"> [\u2026]<\/span><\/p>\n","protected":false},"featured_media":1198,"comment_status":"closed","ping_status":"closed","template":"","meta":[],"product_brand":[],"product_cat":[161,89],"product_tag":[],"class_list":{"0":"post-1187","1":"product","2":"type-product","3":"status-publish","4":"has-post-thumbnail","6":"product_cat-ciencias-alternativas","7":"product_cat-ofertas","9":"first","10":"instock","11":"taxable","12":"shipping-taxable","13":"purchasable","14":"product-type-simple"},"_links":{"self":[{"href":"https:\/\/www.mundilibros.cl\/web\/wp-json\/wp\/v2\/product\/1187","targetHints":{"allow":["GET"]}}],"collection":[{"href":"https:\/\/www.mundilibros.cl\/web\/wp-json\/wp\/v2\/product"}],"about":[{"href":"https:\/\/www.mundilibros.cl\/web\/wp-json\/wp\/v2\/types\/product"}],"replies":[{"embeddable":true,"href":"https:\/\/www.mundilibros.cl\/web\/wp-json\/wp\/v2\/comments?post=1187"}],"wp:featuredmedia":[{"embeddable":true,"href":"https:\/\/www.mundilibros.cl\/web\/wp-json\/wp\/v2\/media\/1198"}],"wp:attachment":[{"href":"https:\/\/www.mundilibros.cl\/web\/wp-json\/wp\/v2\/media?parent=1187"}],"wp:term":[{"taxonomy":"product_brand","embeddable":true,"href":"https:\/\/www.mundilibros.cl\/web\/wp-json\/wp\/v2\/product_brand?post=1187"},{"taxonomy":"product_cat","embeddable":true,"href":"https:\/\/www.mundilibros.cl\/web\/wp-json\/wp\/v2\/product_cat?post=1187"},{"taxonomy":"product_tag","embeddable":true,"href":"https:\/\/www.mundilibros.cl\/web\/wp-json\/wp\/v2\/product_tag?post=1187"}],"curies":[{"name":"wp","href":"https:\/\/api.w.org\/{rel}","templated":true}]}}