{"id":1206,"date":"2025-11-14T19:18:28","date_gmt":"2025-11-14T19:18:28","guid":{"rendered":"https:\/\/www.mundilibros.cl\/web\/?post_type=product&#038;p=1206"},"modified":"2025-11-14T19:18:51","modified_gmt":"2025-11-14T19:18:51","slug":"h-de-harry-libro-1","status":"publish","type":"product","link":"https:\/\/www.mundilibros.cl\/web\/producto\/h-de-harry-libro-1\/","title":{"rendered":"H DE HARRY (Libro 1)"},"content":{"rendered":"<p>Kaethennis ha disfrutado de los placeres de la vida. Mucho. Casi se puede decir que demasiado. Es un alma libre, o al menos as\u00ed se definir\u00eda ella. Kaethennis solo tuvo una debilidad, un desliz: Jake. Jake le dio la espalda a Kaethennis, \u00e9l simplemente huy\u00f3, literalmente. Harry Jefferson vive por la bater\u00eda, sus manos son sus herramientas de trabajo. Pero una de ellas ha sido lesionada cuando Dexter, su compa\u00f1ero de banda y hermano, juega con sus baquetas y accidentalmente le golpea con estas. BG.5 est\u00e1 de visita en Liverpool. Los Stuart viven en Liverpool. Harry ha ido al hospital y Kaethennis\u0085 tambi\u00e9n. \u00c9l la ha ayudado y ella podr\u00eda ayudarlo a \u00e9l\u0085 Ahora Harry y Kaethennis no pueden mantener sus manos quietas. Kaethennis no sabe si la \u00abH\u00bb es de Harry o de huir.<\/p>\n","protected":false},"excerpt":{"rendered":"<p>Kaethennis ha disfrutado de los placeres de la vida. Mucho. Casi se puede decir que demasiado. Es un alma libre, o al menos as\u00ed se definir\u00eda<span class=\"excerpt-hellip\"> [\u2026]<\/span><\/p>\n","protected":false},"featured_media":1216,"comment_status":"closed","ping_status":"closed","template":"","meta":[],"product_brand":[],"product_cat":[58],"product_tag":[],"class_list":{"0":"post-1206","1":"product","2":"type-product","3":"status-publish","4":"has-post-thumbnail","6":"product_cat-juvenil","8":"first","9":"instock","10":"sale","11":"taxable","12":"shipping-taxable","13":"purchasable","14":"product-type-simple"},"_links":{"self":[{"href":"https:\/\/www.mundilibros.cl\/web\/wp-json\/wp\/v2\/product\/1206","targetHints":{"allow":["GET"]}}],"collection":[{"href":"https:\/\/www.mundilibros.cl\/web\/wp-json\/wp\/v2\/product"}],"about":[{"href":"https:\/\/www.mundilibros.cl\/web\/wp-json\/wp\/v2\/types\/product"}],"replies":[{"embeddable":true,"href":"https:\/\/www.mundilibros.cl\/web\/wp-json\/wp\/v2\/comments?post=1206"}],"wp:featuredmedia":[{"embeddable":true,"href":"https:\/\/www.mundilibros.cl\/web\/wp-json\/wp\/v2\/media\/1216"}],"wp:attachment":[{"href":"https:\/\/www.mundilibros.cl\/web\/wp-json\/wp\/v2\/media?parent=1206"}],"wp:term":[{"taxonomy":"product_brand","embeddable":true,"href":"https:\/\/www.mundilibros.cl\/web\/wp-json\/wp\/v2\/product_brand?post=1206"},{"taxonomy":"product_cat","embeddable":true,"href":"https:\/\/www.mundilibros.cl\/web\/wp-json\/wp\/v2\/product_cat?post=1206"},{"taxonomy":"product_tag","embeddable":true,"href":"https:\/\/www.mundilibros.cl\/web\/wp-json\/wp\/v2\/product_tag?post=1206"}],"curies":[{"name":"wp","href":"https:\/\/api.w.org\/{rel}","templated":true}]}}