{"id":1210,"date":"2025-11-14T19:18:28","date_gmt":"2025-11-14T19:18:28","guid":{"rendered":"https:\/\/www.mundilibros.cl\/web\/?post_type=product&#038;p=1210"},"modified":"2025-11-14T19:18:54","modified_gmt":"2025-11-14T19:18:54","slug":"pideme-lo-que-quieras-ahora-y-siempre-2","status":"publish","type":"product","link":"https:\/\/www.mundilibros.cl\/web\/producto\/pideme-lo-que-quieras-ahora-y-siempre-2\/","title":{"rendered":"PIDEME LO QUE QUIERAS AHORA Y SIEMPRE 2"},"content":{"rendered":"<div class=\"frase-mkt\">\n<p><strong>Con placer asegurado y erotismo puro, Jud y Eric exploran los limites del morbo y la sensualidad.<\/strong><\/p>\n<\/div>\n<p><strong><em>P\u00eddeme lo que quieras, ahora y siempre<\/em><\/strong><strong>\u00a0es el segundo volumen de la serie er\u00f3tica m\u00e1s adictiva de Megan Maxwell.<\/strong><\/p>\n<p>Despu\u00e9s de provocar su despido de la empresa M\u00fcller, Judith est\u00e1 dispuesta a alejarse para siempre de Eric Zimmerman. Para ello decide refugiarse en casa de su padre, en Jerez. Atormentado por su marcha, Eric le sigue el rastro. El deseo contin\u00faa latente entre ellos y las fantas\u00edas sexuales est\u00e1n m\u00e1s vivas que nunca, pero esta vez ser\u00e1 Judith quien le imponga sus condiciones, que \u00e9l acepta por el amor que le profesa. Todo parece volver a la normalidad, hasta que una llamada inesperada los obliga a interrumpir su reconciliaci\u00f3n y desplazarse hasta M\u00fanich. Lejos de su entorno, en una ciudad que le resulta hostil y con la aparici\u00f3n del sobrino de Eric, un inesperado contratiempo, la joven tendr\u00e1 que decidir si debe darle una nueva oportunidad o comenzar un nuevo futuro sin \u00e9l.<\/p>\n<p><strong><em>P\u00eddeme lo que quieras, ahora y siempre<\/em>\u00a0es una intensa historia de amor, plagada de fantas\u00edas sexuales, morbo y erotismo, en la que los protagonistas hablan cara a cara con la pasi\u00f3n.<\/strong><\/p>\n","protected":false},"excerpt":{"rendered":"<p>Con placer asegurado y erotismo puro, Jud y Eric exploran los limites del morbo y la sensualidad. P\u00eddeme lo que quieras, ahora y siempre\u00a0es el segundo<span class=\"excerpt-hellip\"> [\u2026]<\/span><\/p>\n","protected":false},"featured_media":1226,"comment_status":"closed","ping_status":"closed","template":"","meta":[],"product_brand":[],"product_cat":[323],"product_tag":[],"class_list":{"0":"post-1210","1":"product","2":"type-product","3":"status-publish","4":"has-post-thumbnail","6":"product_cat-novela-erotica","8":"first","9":"outofstock","10":"taxable","11":"shipping-taxable","12":"purchasable","13":"product-type-simple"},"_links":{"self":[{"href":"https:\/\/www.mundilibros.cl\/web\/wp-json\/wp\/v2\/product\/1210","targetHints":{"allow":["GET"]}}],"collection":[{"href":"https:\/\/www.mundilibros.cl\/web\/wp-json\/wp\/v2\/product"}],"about":[{"href":"https:\/\/www.mundilibros.cl\/web\/wp-json\/wp\/v2\/types\/product"}],"replies":[{"embeddable":true,"href":"https:\/\/www.mundilibros.cl\/web\/wp-json\/wp\/v2\/comments?post=1210"}],"wp:featuredmedia":[{"embeddable":true,"href":"https:\/\/www.mundilibros.cl\/web\/wp-json\/wp\/v2\/media\/1226"}],"wp:attachment":[{"href":"https:\/\/www.mundilibros.cl\/web\/wp-json\/wp\/v2\/media?parent=1210"}],"wp:term":[{"taxonomy":"product_brand","embeddable":true,"href":"https:\/\/www.mundilibros.cl\/web\/wp-json\/wp\/v2\/product_brand?post=1210"},{"taxonomy":"product_cat","embeddable":true,"href":"https:\/\/www.mundilibros.cl\/web\/wp-json\/wp\/v2\/product_cat?post=1210"},{"taxonomy":"product_tag","embeddable":true,"href":"https:\/\/www.mundilibros.cl\/web\/wp-json\/wp\/v2\/product_tag?post=1210"}],"curies":[{"name":"wp","href":"https:\/\/api.w.org\/{rel}","templated":true}]}}