{"id":1218,"date":"2025-11-14T19:18:52","date_gmt":"2025-11-14T19:18:52","guid":{"rendered":"https:\/\/www.mundilibros.cl\/web\/?post_type=product&#038;p=1218"},"modified":"2025-11-14T19:19:05","modified_gmt":"2025-11-14T19:19:05","slug":"bushido-el-codigo-etico-samurai","status":"publish","type":"product","link":"https:\/\/www.mundilibros.cl\/web\/producto\/bushido-el-codigo-etico-samurai\/","title":{"rendered":"BUSHIDO EL CODIGO ETICO SAMURAI"},"content":{"rendered":"<p>Jap\u00f3n, que a mitad del siglo XIX era un peque\u00f1o pa\u00eds feudal en completo aislamiento, venc\u00eda al Imperio ruso a principios del XX y pocos a\u00f1os despu\u00e9s se convert\u00eda en una gran potencia mundial. \u00bfC\u00f3mo fue posible esa evoluci\u00f3n? El secreto estaba en la disciplina y concentraci\u00f3n del bushido, el alma del Jap\u00f3n. Bushido es el camino del guerrero , el estricto c\u00f3digo de conducta de los bushi o samur\u00e1is, que exig\u00eda lealtad y honor hasta la muerte. Inazo Nitobe escribi\u00f3 este libro en ingles y lo p\u00fablico en Estados Unidos en 1905 para explicar a Occidente ese c\u00f3digo no escrito. En sus p\u00e1ginas hablo de rectitud, coraje, benevolencia, cortes\u00eda, veracidad, honor y lealtad, y lo hizo de tal manera que cautivo no solo a los extranjeros, sino tambi\u00e9n a sus compatriotas.<\/p>\n<p>&nbsp;<\/p>\n","protected":false},"excerpt":{"rendered":"<p>Jap\u00f3n, que a mitad del siglo XIX era un peque\u00f1o pa\u00eds feudal en completo aislamiento, venc\u00eda al Imperio ruso a principios del XX y pocos a\u00f1os<span class=\"excerpt-hellip\"> [\u2026]<\/span><\/p>\n","protected":false},"featured_media":1229,"comment_status":"closed","ping_status":"closed","template":"","meta":[],"product_brand":[],"product_cat":[110],"product_tag":[],"class_list":{"0":"post-1218","1":"product","2":"type-product","3":"status-publish","4":"has-post-thumbnail","6":"product_cat-clasicos","8":"first","9":"instock","10":"sale","11":"taxable","12":"shipping-taxable","13":"purchasable","14":"product-type-simple"},"_links":{"self":[{"href":"https:\/\/www.mundilibros.cl\/web\/wp-json\/wp\/v2\/product\/1218","targetHints":{"allow":["GET"]}}],"collection":[{"href":"https:\/\/www.mundilibros.cl\/web\/wp-json\/wp\/v2\/product"}],"about":[{"href":"https:\/\/www.mundilibros.cl\/web\/wp-json\/wp\/v2\/types\/product"}],"replies":[{"embeddable":true,"href":"https:\/\/www.mundilibros.cl\/web\/wp-json\/wp\/v2\/comments?post=1218"}],"wp:featuredmedia":[{"embeddable":true,"href":"https:\/\/www.mundilibros.cl\/web\/wp-json\/wp\/v2\/media\/1229"}],"wp:attachment":[{"href":"https:\/\/www.mundilibros.cl\/web\/wp-json\/wp\/v2\/media?parent=1218"}],"wp:term":[{"taxonomy":"product_brand","embeddable":true,"href":"https:\/\/www.mundilibros.cl\/web\/wp-json\/wp\/v2\/product_brand?post=1218"},{"taxonomy":"product_cat","embeddable":true,"href":"https:\/\/www.mundilibros.cl\/web\/wp-json\/wp\/v2\/product_cat?post=1218"},{"taxonomy":"product_tag","embeddable":true,"href":"https:\/\/www.mundilibros.cl\/web\/wp-json\/wp\/v2\/product_tag?post=1218"}],"curies":[{"name":"wp","href":"https:\/\/api.w.org\/{rel}","templated":true}]}}