{"id":1220,"date":"2025-11-14T19:18:52","date_gmt":"2025-11-14T19:18:52","guid":{"rendered":"https:\/\/www.mundilibros.cl\/web\/?post_type=product&#038;p=1220"},"modified":"2025-11-14T19:19:16","modified_gmt":"2025-11-14T19:19:16","slug":"de-sangre-y-cenizas-libro-1","status":"publish","type":"product","link":"https:\/\/www.mundilibros.cl\/web\/producto\/de-sangre-y-cenizas-libro-1\/","title":{"rendered":"DE SANGRE Y CENIZAS (libro 1)"},"content":{"rendered":"<p>Apasionante y con una acci\u00f3n trepidante, De sangre y cenizas es una fantas\u00eda adictiva e inesperada, perfecta para los lectores de Sarah J. Maas. UNA DONCELLA. Elegida desde su nacimiento para dar comienzo a una nueva era, la vida de Poppy nunca le ha pertenecido. La vida de la Doncella es solitaria. Jam\u00e1s la tocar\u00e1n. Jam\u00e1s la mirar\u00e1n. Jam\u00e1s le hablar\u00e1n. Jam\u00e1s sentir\u00e1 placer. Mientras espera el d\u00eda de su Ascensi\u00f3n, preferir\u00eda estar con los guardias luchando contra el mal que se llev\u00f3 a su familia que prepar\u00e1ndose para que los dioses la encuentren lo bastante digna. Pero la elecci\u00f3n nunca ha sido suya. UN DEBER. El futuro del reino entero recae sobre los hombros de Poppy, algo que ni siquiera est\u00e1 demasiado segura de querer para ella. Porque la Doncella tiene coraz\u00f3n. Y alma. Y deseo. Y cuando Hawke, un guardia de ojos dorados que ha jurado garantizar su Ascensi\u00f3n, entra en su vida, el destino y el deber se entremezclan con el deseo y la necesidad. \u00c9l incita su ira, hace que se cuestione todo aquello en lo que cree y la tienta con lo prohibido. UN REINO. Abandonado por los dioses y temido por los mortales, un reino ca\u00eddo est\u00e1 resurgiendo, decidido a recuperar lo que cree que es suyo mediante la violencia y la venganza. Y a medida que la sombra de los malditos se acerca, la l\u00ednea entre lo prohibido y lo correcto se difumina. Poppy no solo est\u00e1 a punto de perder el coraz\u00f3n y ser considerada indigna por los dioses, sino que tambi\u00e9n est\u00e1 a punto de perder la vida cuando los ensangrentados hilos que mantienen unido su mundo empiezan a deshilacharse.<\/p>\n","protected":false},"excerpt":{"rendered":"<p>Apasionante y con una acci\u00f3n trepidante, De sangre y cenizas es una fantas\u00eda adictiva e inesperada, perfecta para los lectores de Sarah J. Maas. UNA DONCELLA.<span class=\"excerpt-hellip\"> [\u2026]<\/span><\/p>\n","protected":false},"featured_media":1231,"comment_status":"closed","ping_status":"closed","template":"","meta":[],"product_brand":[],"product_cat":[58],"product_tag":[],"class_list":{"0":"post-1220","1":"product","2":"type-product","3":"status-publish","4":"has-post-thumbnail","6":"product_cat-juvenil","8":"first","9":"outofstock","10":"sale","11":"featured","12":"taxable","13":"shipping-taxable","14":"purchasable","15":"product-type-simple"},"_links":{"self":[{"href":"https:\/\/www.mundilibros.cl\/web\/wp-json\/wp\/v2\/product\/1220","targetHints":{"allow":["GET"]}}],"collection":[{"href":"https:\/\/www.mundilibros.cl\/web\/wp-json\/wp\/v2\/product"}],"about":[{"href":"https:\/\/www.mundilibros.cl\/web\/wp-json\/wp\/v2\/types\/product"}],"replies":[{"embeddable":true,"href":"https:\/\/www.mundilibros.cl\/web\/wp-json\/wp\/v2\/comments?post=1220"}],"wp:featuredmedia":[{"embeddable":true,"href":"https:\/\/www.mundilibros.cl\/web\/wp-json\/wp\/v2\/media\/1231"}],"wp:attachment":[{"href":"https:\/\/www.mundilibros.cl\/web\/wp-json\/wp\/v2\/media?parent=1220"}],"wp:term":[{"taxonomy":"product_brand","embeddable":true,"href":"https:\/\/www.mundilibros.cl\/web\/wp-json\/wp\/v2\/product_brand?post=1220"},{"taxonomy":"product_cat","embeddable":true,"href":"https:\/\/www.mundilibros.cl\/web\/wp-json\/wp\/v2\/product_cat?post=1220"},{"taxonomy":"product_tag","embeddable":true,"href":"https:\/\/www.mundilibros.cl\/web\/wp-json\/wp\/v2\/product_tag?post=1220"}],"curies":[{"name":"wp","href":"https:\/\/api.w.org\/{rel}","templated":true}]}}