{"id":1221,"date":"2025-11-14T19:18:52","date_gmt":"2025-11-14T19:18:52","guid":{"rendered":"https:\/\/www.mundilibros.cl\/web\/?post_type=product&#038;p=1221"},"modified":"2025-11-14T19:19:19","modified_gmt":"2025-11-14T19:19:19","slug":"pideme-lo-que-quieras-1","status":"publish","type":"product","link":"https:\/\/www.mundilibros.cl\/web\/producto\/pideme-lo-que-quieras-1\/","title":{"rendered":"PIDEME LO QUE QUIERAS 1"},"content":{"rendered":"<p>Tras la muerte de su padre, el prestigioso empresario alem\u00e1n Eric Zimmerman decide viajar a Espa\u00f1a para supervisar las delegaciones de la empresa M\u00fcller. En la oficina central de Madrid conoce a Judith, una joven ingeniosa y simp\u00e1tica de la que se encapricha de inmediato. Judith sucumbe a la atracci\u00f3n que el alem\u00e1n ejerce sobre ella y acepta formar parte de sus juegos sexuales, repletos de fantas\u00edas y erotismo. Junto a \u00e9l aprender\u00e1 que todos llevamos dentro un voyeur, y que las personas se dividen en sumisas y dominantes&#8230; Pero el tiempo pasa, la relaci\u00f3n se intensifica y Eric empieza a temer que se descubra su secreto, algo que podr\u00eda marcar el principio o el fin de la relaci\u00f3n.<\/p>\n<p>N\u00ba de p\u00e1ginas: 464<br \/>\nmedidas: 12 x 19 cms<\/p>\n","protected":false},"excerpt":{"rendered":"<p>Tras la muerte de su padre, el prestigioso empresario alem\u00e1n Eric Zimmerman decide viajar a Espa\u00f1a para supervisar las delegaciones de la empresa M\u00fcller. En la<span class=\"excerpt-hellip\"> [\u2026]<\/span><\/p>\n","protected":false},"featured_media":1241,"comment_status":"closed","ping_status":"closed","template":"","meta":[],"product_brand":[],"product_cat":[323],"product_tag":[],"class_list":{"0":"post-1221","1":"product","2":"type-product","3":"status-publish","4":"has-post-thumbnail","6":"product_cat-novela-erotica","8":"first","9":"outofstock","10":"taxable","11":"shipping-taxable","12":"purchasable","13":"product-type-simple"},"_links":{"self":[{"href":"https:\/\/www.mundilibros.cl\/web\/wp-json\/wp\/v2\/product\/1221","targetHints":{"allow":["GET"]}}],"collection":[{"href":"https:\/\/www.mundilibros.cl\/web\/wp-json\/wp\/v2\/product"}],"about":[{"href":"https:\/\/www.mundilibros.cl\/web\/wp-json\/wp\/v2\/types\/product"}],"replies":[{"embeddable":true,"href":"https:\/\/www.mundilibros.cl\/web\/wp-json\/wp\/v2\/comments?post=1221"}],"wp:featuredmedia":[{"embeddable":true,"href":"https:\/\/www.mundilibros.cl\/web\/wp-json\/wp\/v2\/media\/1241"}],"wp:attachment":[{"href":"https:\/\/www.mundilibros.cl\/web\/wp-json\/wp\/v2\/media?parent=1221"}],"wp:term":[{"taxonomy":"product_brand","embeddable":true,"href":"https:\/\/www.mundilibros.cl\/web\/wp-json\/wp\/v2\/product_brand?post=1221"},{"taxonomy":"product_cat","embeddable":true,"href":"https:\/\/www.mundilibros.cl\/web\/wp-json\/wp\/v2\/product_cat?post=1221"},{"taxonomy":"product_tag","embeddable":true,"href":"https:\/\/www.mundilibros.cl\/web\/wp-json\/wp\/v2\/product_tag?post=1221"}],"curies":[{"name":"wp","href":"https:\/\/api.w.org\/{rel}","templated":true}]}}