{"id":1222,"date":"2025-11-14T19:18:52","date_gmt":"2025-11-14T19:18:52","guid":{"rendered":"https:\/\/www.mundilibros.cl\/web\/?post_type=product&#038;p=1222"},"modified":"2025-11-14T19:19:25","modified_gmt":"2025-11-14T19:19:25","slug":"boulevard","status":"publish","type":"product","link":"https:\/\/www.mundilibros.cl\/web\/producto\/boulevard\/","title":{"rendered":"BOULEVARD"},"content":{"rendered":"<p>Luke Howland ha dedicado gran parte de su vida a ingerir sustancias toxicas a su cuerpo, viviendo bajo las sombras de sus recuerdos oblig\u00e1ndose a desvanecer cada aliento de certidumbre. Cuando \u00e9l cree estar en el borde de su vida con sus sue\u00f1os rotos, Hasley Weigel aparece en ella para ser aquel caj\u00f3n de esperanzas que \u00e9l tanto necesitaba. Una chiquilla escu\u00e1lida llegando casi siempre tarde a sus clases con una mancha de pasta dental en su blusa, entra a la vida del chico como un rayo de luz en la habitaci\u00f3n m\u00e1s oscura. A pesar de que Hasley estuvo casi dos a\u00f1os enamorada del capit\u00e1n de baloncesto, las circunstancias cambian. El cielo le muestra una parte celeste a Luke y una el\u00e9ctrica a Hasley. Ella era para \u00e9l. \u00c9l era para ella. Y cuando sus almas se unieron en un boulevard de emociones y sue\u00f1os, \u00e9ste se ti\u00f1\u00f3 de colores gris\u00e1ceos prepar\u00e1ndose para la tormenta. Luke jam\u00e1s se imagin\u00f3 que alguien podr\u00eda amarlo teniendo aquel desastre de vida. Ella lo hizo, pero no de la forma correcta.<\/p>\n<p>&nbsp;<\/p>\n<p>&nbsp;<\/p>\n","protected":false},"excerpt":{"rendered":"<h2>Nueva portada y pr\u00f3logo in\u00e9dito<\/h2>\n","protected":false},"featured_media":1242,"comment_status":"closed","ping_status":"closed","template":"","meta":[],"product_brand":[],"product_cat":[58],"product_tag":[],"class_list":{"0":"post-1222","1":"product","2":"type-product","3":"status-publish","4":"has-post-thumbnail","6":"product_cat-juvenil","8":"first","9":"outofstock","10":"sale","11":"taxable","12":"shipping-taxable","13":"purchasable","14":"product-type-simple"},"_links":{"self":[{"href":"https:\/\/www.mundilibros.cl\/web\/wp-json\/wp\/v2\/product\/1222","targetHints":{"allow":["GET"]}}],"collection":[{"href":"https:\/\/www.mundilibros.cl\/web\/wp-json\/wp\/v2\/product"}],"about":[{"href":"https:\/\/www.mundilibros.cl\/web\/wp-json\/wp\/v2\/types\/product"}],"replies":[{"embeddable":true,"href":"https:\/\/www.mundilibros.cl\/web\/wp-json\/wp\/v2\/comments?post=1222"}],"wp:featuredmedia":[{"embeddable":true,"href":"https:\/\/www.mundilibros.cl\/web\/wp-json\/wp\/v2\/media\/1242"}],"wp:attachment":[{"href":"https:\/\/www.mundilibros.cl\/web\/wp-json\/wp\/v2\/media?parent=1222"}],"wp:term":[{"taxonomy":"product_brand","embeddable":true,"href":"https:\/\/www.mundilibros.cl\/web\/wp-json\/wp\/v2\/product_brand?post=1222"},{"taxonomy":"product_cat","embeddable":true,"href":"https:\/\/www.mundilibros.cl\/web\/wp-json\/wp\/v2\/product_cat?post=1222"},{"taxonomy":"product_tag","embeddable":true,"href":"https:\/\/www.mundilibros.cl\/web\/wp-json\/wp\/v2\/product_tag?post=1222"}],"curies":[{"name":"wp","href":"https:\/\/api.w.org\/{rel}","templated":true}]}}