{"id":1233,"date":"2025-11-14T19:19:19","date_gmt":"2025-11-14T19:19:19","guid":{"rendered":"https:\/\/www.mundilibros.cl\/web\/?post_type=product&#038;p=1233"},"modified":"2026-03-09T23:11:41","modified_gmt":"2026-03-09T23:11:41","slug":"36-kilos","status":"publish","type":"product","link":"https:\/\/www.mundilibros.cl\/web\/producto\/36-kilos\/","title":{"rendered":"36 KILOS"},"content":{"rendered":"<p>Regina y Fernanda han compartido las aventuras y trances m\u00e1s significativos de sus vidas. Ahora que est\u00e1n acabando la preparatoria fraguan audaces planes para su fiesta de graduaci\u00f3n de preparatoria, sin saber que la salud de Regina cae en picada por su obsesi\u00f3n con las dietas y la delgadez. En estas p\u00e1ginas presenciamos el proceso con los ojos de Fernanda, en un recuerdo de d\u00edas de relajo y noviazgos que es al mismo tiempo la historia de una amistad a toda prueba.<\/p>\n","protected":false},"excerpt":{"rendered":"<p>Regina y Fernanda han compartido las aventuras y trances m\u00e1s significativos de sus vidas. Ahora que est\u00e1n acabando la preparatoria fraguan audaces planes para su fiesta<span class=\"excerpt-hellip\"> [\u2026]<\/span><\/p>\n","protected":false},"featured_media":1244,"comment_status":"closed","ping_status":"closed","template":"","meta":[],"product_brand":[],"product_cat":[33,89],"product_tag":[],"class_list":{"0":"post-1233","1":"product","2":"type-product","3":"status-publish","4":"has-post-thumbnail","6":"product_cat-literatura-escolar","7":"product_cat-ofertas","9":"first","10":"instock","11":"taxable","12":"shipping-taxable","13":"purchasable","14":"product-type-simple"},"_links":{"self":[{"href":"https:\/\/www.mundilibros.cl\/web\/wp-json\/wp\/v2\/product\/1233","targetHints":{"allow":["GET"]}}],"collection":[{"href":"https:\/\/www.mundilibros.cl\/web\/wp-json\/wp\/v2\/product"}],"about":[{"href":"https:\/\/www.mundilibros.cl\/web\/wp-json\/wp\/v2\/types\/product"}],"replies":[{"embeddable":true,"href":"https:\/\/www.mundilibros.cl\/web\/wp-json\/wp\/v2\/comments?post=1233"}],"wp:featuredmedia":[{"embeddable":true,"href":"https:\/\/www.mundilibros.cl\/web\/wp-json\/wp\/v2\/media\/1244"}],"wp:attachment":[{"href":"https:\/\/www.mundilibros.cl\/web\/wp-json\/wp\/v2\/media?parent=1233"}],"wp:term":[{"taxonomy":"product_brand","embeddable":true,"href":"https:\/\/www.mundilibros.cl\/web\/wp-json\/wp\/v2\/product_brand?post=1233"},{"taxonomy":"product_cat","embeddable":true,"href":"https:\/\/www.mundilibros.cl\/web\/wp-json\/wp\/v2\/product_cat?post=1233"},{"taxonomy":"product_tag","embeddable":true,"href":"https:\/\/www.mundilibros.cl\/web\/wp-json\/wp\/v2\/product_tag?post=1233"}],"curies":[{"name":"wp","href":"https:\/\/api.w.org\/{rel}","templated":true}]}}