{"id":1234,"date":"2025-11-14T19:19:19","date_gmt":"2025-11-14T19:19:19","guid":{"rendered":"https:\/\/www.mundilibros.cl\/web\/?post_type=product&#038;p=1234"},"modified":"2025-11-14T19:19:26","modified_gmt":"2025-11-14T19:19:26","slug":"horizonte-vertical","status":"publish","type":"product","link":"https:\/\/www.mundilibros.cl\/web\/producto\/horizonte-vertical\/","title":{"rendered":"HORIZONTE VERTICAL"},"content":{"rendered":"<p>Mart\u00edn no quiere ser el ingeniero con que sue\u00f1an sus padres y prefiere perderse en las monta\u00f1as. Tanto le gusta la aventura, que se cree capaz de asumir el desaf\u00edo de escalar la monta\u00f1a m\u00e1s alta del mundo<\/p>\n","protected":false},"excerpt":{"rendered":"<p>Mart\u00edn no quiere ser el ingeniero con que sue\u00f1an sus padres y prefiere perderse en las monta\u00f1as. Tanto le gusta la aventura, que se cree capaz<span class=\"excerpt-hellip\"> [\u2026]<\/span><\/p>\n","protected":false},"featured_media":1245,"comment_status":"closed","ping_status":"closed","template":"","meta":[],"product_brand":[],"product_cat":[33,89],"product_tag":[],"class_list":{"0":"post-1234","1":"product","2":"type-product","3":"status-publish","4":"has-post-thumbnail","6":"product_cat-literatura-escolar","7":"product_cat-ofertas","9":"first","10":"instock","11":"taxable","12":"shipping-taxable","13":"purchasable","14":"product-type-simple"},"_links":{"self":[{"href":"https:\/\/www.mundilibros.cl\/web\/wp-json\/wp\/v2\/product\/1234","targetHints":{"allow":["GET"]}}],"collection":[{"href":"https:\/\/www.mundilibros.cl\/web\/wp-json\/wp\/v2\/product"}],"about":[{"href":"https:\/\/www.mundilibros.cl\/web\/wp-json\/wp\/v2\/types\/product"}],"replies":[{"embeddable":true,"href":"https:\/\/www.mundilibros.cl\/web\/wp-json\/wp\/v2\/comments?post=1234"}],"wp:featuredmedia":[{"embeddable":true,"href":"https:\/\/www.mundilibros.cl\/web\/wp-json\/wp\/v2\/media\/1245"}],"wp:attachment":[{"href":"https:\/\/www.mundilibros.cl\/web\/wp-json\/wp\/v2\/media?parent=1234"}],"wp:term":[{"taxonomy":"product_brand","embeddable":true,"href":"https:\/\/www.mundilibros.cl\/web\/wp-json\/wp\/v2\/product_brand?post=1234"},{"taxonomy":"product_cat","embeddable":true,"href":"https:\/\/www.mundilibros.cl\/web\/wp-json\/wp\/v2\/product_cat?post=1234"},{"taxonomy":"product_tag","embeddable":true,"href":"https:\/\/www.mundilibros.cl\/web\/wp-json\/wp\/v2\/product_tag?post=1234"}],"curies":[{"name":"wp","href":"https:\/\/api.w.org\/{rel}","templated":true}]}}