{"id":1238,"date":"2025-11-14T19:19:19","date_gmt":"2025-11-14T19:19:19","guid":{"rendered":"https:\/\/www.mundilibros.cl\/web\/?post_type=product&#038;p=1238"},"modified":"2025-11-14T19:19:37","modified_gmt":"2025-11-14T19:19:37","slug":"ciudades-de-humo-1","status":"publish","type":"product","link":"https:\/\/www.mundilibros.cl\/web\/producto\/ciudades-de-humo-1\/","title":{"rendered":"CIUDADES DE HUMO 1"},"content":{"rendered":"<div class=\"frase-mkt\">\n<p>\u00a1Lucha por tu libertad!<\/p>\n<\/div>\n<p><strong>\u00a1Enam\u00f3rate de la obra m\u00e1s sorprendente de la autora de\u00a0<em>Antes de diciembre<\/em>!<\/strong><\/p>\n<p>Alice nunca ha salido al mundo.<\/p>\n<p>Su cena es a las nueve en punto, su sue\u00f1o dura exactamente ocho horas, jam\u00e1s tiene una sola arruga en la ropa, parpadea 86400 veces al d\u00eda, respira 30000 veces al d\u00eda, solo habla cuando le preguntan, jam\u00e1s ha levantado la voz y, lo m\u00e1s importante, jam\u00e1s se ha preguntado qu\u00e9 pasar\u00eda si todo cambiara.<\/p>\n<p>Pero, \u00bfy si eso ocurriera?<\/p>\n<p>En un mundo donde la libertad est\u00e1 controlada, \u00bfhasta d\u00f3nde ser\u00edas capaz de llegar para recuperarla?<\/p>\n<p>\u00bfHasta d\u00f3nde ser\u00edas capaz de llegar para sobrevivir?<\/p>\n","protected":false},"excerpt":{"rendered":"<p>\u00a1Lucha por tu libertad! \u00a1Enam\u00f3rate de la obra m\u00e1s sorprendente de la autora de\u00a0Antes de diciembre! Alice nunca ha salido al mundo. Su cena es a<span class=\"excerpt-hellip\"> [\u2026]<\/span><\/p>\n","protected":false},"featured_media":1249,"comment_status":"closed","ping_status":"closed","template":"","meta":[],"product_brand":[],"product_cat":[58],"product_tag":[],"class_list":{"0":"post-1238","1":"product","2":"type-product","3":"status-publish","4":"has-post-thumbnail","6":"product_cat-juvenil","8":"first","9":"outofstock","10":"taxable","11":"shipping-taxable","12":"purchasable","13":"product-type-simple"},"_links":{"self":[{"href":"https:\/\/www.mundilibros.cl\/web\/wp-json\/wp\/v2\/product\/1238","targetHints":{"allow":["GET"]}}],"collection":[{"href":"https:\/\/www.mundilibros.cl\/web\/wp-json\/wp\/v2\/product"}],"about":[{"href":"https:\/\/www.mundilibros.cl\/web\/wp-json\/wp\/v2\/types\/product"}],"replies":[{"embeddable":true,"href":"https:\/\/www.mundilibros.cl\/web\/wp-json\/wp\/v2\/comments?post=1238"}],"wp:featuredmedia":[{"embeddable":true,"href":"https:\/\/www.mundilibros.cl\/web\/wp-json\/wp\/v2\/media\/1249"}],"wp:attachment":[{"href":"https:\/\/www.mundilibros.cl\/web\/wp-json\/wp\/v2\/media?parent=1238"}],"wp:term":[{"taxonomy":"product_brand","embeddable":true,"href":"https:\/\/www.mundilibros.cl\/web\/wp-json\/wp\/v2\/product_brand?post=1238"},{"taxonomy":"product_cat","embeddable":true,"href":"https:\/\/www.mundilibros.cl\/web\/wp-json\/wp\/v2\/product_cat?post=1238"},{"taxonomy":"product_tag","embeddable":true,"href":"https:\/\/www.mundilibros.cl\/web\/wp-json\/wp\/v2\/product_tag?post=1238"}],"curies":[{"name":"wp","href":"https:\/\/api.w.org\/{rel}","templated":true}]}}