{"id":1239,"date":"2025-11-14T19:19:19","date_gmt":"2025-11-14T19:19:19","guid":{"rendered":"https:\/\/www.mundilibros.cl\/web\/?post_type=product&#038;p=1239"},"modified":"2025-11-14T19:19:40","modified_gmt":"2025-11-14T19:19:40","slug":"cuentos-completos-edgar-allan-poe-tapa-dura","status":"publish","type":"product","link":"https:\/\/www.mundilibros.cl\/web\/producto\/cuentos-completos-edgar-allan-poe-tapa-dura\/","title":{"rendered":"CUENTOS COMPLETOS EDGAR ALLAN POE (Tapa dura)"},"content":{"rendered":"<p>Edgar Allan Poe llev\u00f3 a cabo lo que ning\u00fan escritor hab\u00eda logrado antes: liberar las terribles im\u00e1genes que atesora el subconsciente para dejarlas caminar entre sus p\u00e1ginas. Abanderado de la novela g\u00f3tica y precursor del relato detectivesco y de la ciencia ficci\u00f3n, sus historias llevan el suspense y el desasosiego hasta una perfecci\u00f3n nunca alcanzada y quiz\u00e1 jam\u00e1s alcanzable de nuevo.<\/p>\n<p>Cuentos completos re\u00fane un total de setenta piezas, de las cuales siete eran in\u00e9ditas hasta ahora en castellano. Thomas Ollive Mabbot, m\u00e1xima figura en el estudio de la obra de Poe, firma la esclarecedora introducci\u00f3n. Asimismo, a cada relato corresponde una sucinta nota editorial, anexos que completamos, cerrando el tomo, con los prefacios que el propio autor compuso para Tales of the Folio Club y Tales of the Grotesque and Arabesque y los escritos de su coet\u00e1neo y principal valedor europeo, Charles Baudelaire.<\/p>\n<p>&nbsp;<\/p>\n","protected":false},"excerpt":{"rendered":"<p>Edgar Allan Poe llev\u00f3 a cabo lo que ning\u00fan escritor hab\u00eda logrado antes: liberar las terribles im\u00e1genes que atesora el subconsciente para dejarlas caminar entre sus<span class=\"excerpt-hellip\"> [\u2026]<\/span><\/p>\n","protected":false},"featured_media":1250,"comment_status":"closed","ping_status":"closed","template":"","meta":[],"product_brand":[],"product_cat":[110],"product_tag":[],"class_list":{"0":"post-1239","1":"product","2":"type-product","3":"status-publish","4":"has-post-thumbnail","6":"product_cat-clasicos","8":"first","9":"outofstock","10":"sale","11":"taxable","12":"shipping-taxable","13":"purchasable","14":"product-type-simple"},"_links":{"self":[{"href":"https:\/\/www.mundilibros.cl\/web\/wp-json\/wp\/v2\/product\/1239","targetHints":{"allow":["GET"]}}],"collection":[{"href":"https:\/\/www.mundilibros.cl\/web\/wp-json\/wp\/v2\/product"}],"about":[{"href":"https:\/\/www.mundilibros.cl\/web\/wp-json\/wp\/v2\/types\/product"}],"replies":[{"embeddable":true,"href":"https:\/\/www.mundilibros.cl\/web\/wp-json\/wp\/v2\/comments?post=1239"}],"wp:featuredmedia":[{"embeddable":true,"href":"https:\/\/www.mundilibros.cl\/web\/wp-json\/wp\/v2\/media\/1250"}],"wp:attachment":[{"href":"https:\/\/www.mundilibros.cl\/web\/wp-json\/wp\/v2\/media?parent=1239"}],"wp:term":[{"taxonomy":"product_brand","embeddable":true,"href":"https:\/\/www.mundilibros.cl\/web\/wp-json\/wp\/v2\/product_brand?post=1239"},{"taxonomy":"product_cat","embeddable":true,"href":"https:\/\/www.mundilibros.cl\/web\/wp-json\/wp\/v2\/product_cat?post=1239"},{"taxonomy":"product_tag","embeddable":true,"href":"https:\/\/www.mundilibros.cl\/web\/wp-json\/wp\/v2\/product_tag?post=1239"}],"curies":[{"name":"wp","href":"https:\/\/api.w.org\/{rel}","templated":true}]}}