{"id":1256,"date":"2025-11-14T19:19:42","date_gmt":"2025-11-14T19:19:42","guid":{"rendered":"https:\/\/www.mundilibros.cl\/web\/?post_type=product&#038;p=1256"},"modified":"2025-11-14T19:19:55","modified_gmt":"2025-11-14T19:19:55","slug":"el-mapa-de-los-anhelos","status":"publish","type":"product","link":"https:\/\/www.mundilibros.cl\/web\/producto\/el-mapa-de-los-anhelos\/","title":{"rendered":"EL MAPA DE LOS ANHELOS"},"content":{"rendered":"<div class=\"frase-mkt\">\n<p><strong>La autora que ha enamorado a m\u00e1s de un mill\u00f3n de lectores<\/strong><\/p>\n<\/div>\n<p>\u00bfY si te diesen un mapa para descubrir qui\u00e9n eres?<\/p>\n<p>\u00bfSeguir\u00edas la ruta marcada hasta el final?<\/p>\n<p>Imagina que est\u00e1s destinada a salvar a tu hermana, pero al final ella muere y la raz\u00f3n de tu existencia se desvanece. Eso es lo que le ocurre a Grace Peterson, la chica que siempre se ha sentido invisible, la que nunca ha salido de Nebraska, la que colecciona palabras y ve pasar los d\u00edas refugiada en la monoton\u00eda. Hasta que llega a sus manos el juego de\u00a0<em>El mapa de los anhelos<\/em>\u00a0y, siguiendo las instrucciones, lo primero que debe hacer es encontrar a alguien llamado Will Tucker, del que nunca ha o\u00eddo hablar y que est\u00e1 a punto de embarcarse con ella en un viaje directo al coraz\u00f3n, lleno de vulnerabilidades y sue\u00f1os olvidados, anhelos y afectos inesperados. Pero \u00bfes posible avanzar cuando los secretos comienzan a pesar demasiado? \u00bfQui\u00e9n es qui\u00e9n en esta historia?<\/p>\n","protected":false},"excerpt":{"rendered":"<p>La autora que ha enamorado a m\u00e1s de un mill\u00f3n de lectores \u00bfY si te diesen un mapa para descubrir qui\u00e9n eres? \u00bfSeguir\u00edas la ruta marcada<span class=\"excerpt-hellip\"> [\u2026]<\/span><\/p>\n","protected":false},"featured_media":1267,"comment_status":"closed","ping_status":"closed","template":"","meta":[],"product_brand":[],"product_cat":[58],"product_tag":[],"class_list":{"0":"post-1256","1":"product","2":"type-product","3":"status-publish","4":"has-post-thumbnail","6":"product_cat-juvenil","8":"first","9":"outofstock","10":"sale","11":"taxable","12":"shipping-taxable","13":"purchasable","14":"product-type-simple"},"_links":{"self":[{"href":"https:\/\/www.mundilibros.cl\/web\/wp-json\/wp\/v2\/product\/1256","targetHints":{"allow":["GET"]}}],"collection":[{"href":"https:\/\/www.mundilibros.cl\/web\/wp-json\/wp\/v2\/product"}],"about":[{"href":"https:\/\/www.mundilibros.cl\/web\/wp-json\/wp\/v2\/types\/product"}],"replies":[{"embeddable":true,"href":"https:\/\/www.mundilibros.cl\/web\/wp-json\/wp\/v2\/comments?post=1256"}],"wp:featuredmedia":[{"embeddable":true,"href":"https:\/\/www.mundilibros.cl\/web\/wp-json\/wp\/v2\/media\/1267"}],"wp:attachment":[{"href":"https:\/\/www.mundilibros.cl\/web\/wp-json\/wp\/v2\/media?parent=1256"}],"wp:term":[{"taxonomy":"product_brand","embeddable":true,"href":"https:\/\/www.mundilibros.cl\/web\/wp-json\/wp\/v2\/product_brand?post=1256"},{"taxonomy":"product_cat","embeddable":true,"href":"https:\/\/www.mundilibros.cl\/web\/wp-json\/wp\/v2\/product_cat?post=1256"},{"taxonomy":"product_tag","embeddable":true,"href":"https:\/\/www.mundilibros.cl\/web\/wp-json\/wp\/v2\/product_tag?post=1256"}],"curies":[{"name":"wp","href":"https:\/\/api.w.org\/{rel}","templated":true}]}}