{"id":1270,"date":"2025-11-14T19:20:07","date_gmt":"2025-11-14T19:20:07","guid":{"rendered":"https:\/\/www.mundilibros.cl\/web\/?post_type=product&#038;p=1270"},"modified":"2025-11-14T19:20:22","modified_gmt":"2025-11-14T19:20:22","slug":"loveless","status":"publish","type":"product","link":"https:\/\/www.mundilibros.cl\/web\/producto\/loveless\/","title":{"rendered":"LOVELESS"},"content":{"rendered":"<div class=\"product attribute description\"><span class=\"value\">Georgia nunca ha besado a nadie. Ni se ha enamorado. Y no entiende por qu\u00e9. Como la rom\u00e1ntica empedernida fan\u00e1tica de los fanfiction que es, est\u00e1 segura de que muy pronto la situaci\u00f3n va a cambiar. La universidad est\u00e1 a la vuelta de la esquina y all\u00ed tiene que encontrar el amor. Cu\u00e1nto m\u00e1s lo intenta, m\u00e1s lo fuerza. Y m\u00e1s confundida se siente. Georgia tendr\u00e1 que aprender a aceptar que el verdadero amor no es necesariamente rom\u00e1ntico.<\/span><\/div>\n<div class=\"product attribute overview\">\n<div class=\"value std\">De la aclamada autora de Heartstopper.<\/div>\n<\/div>\n","protected":false},"excerpt":{"rendered":"<p>Georgia nunca ha besado a nadie. Ni se ha enamorado. Y no entiende por qu\u00e9. Como la rom\u00e1ntica empedernida fan\u00e1tica de los fanfiction que es, est\u00e1<span class=\"excerpt-hellip\"> [\u2026]<\/span><\/p>\n","protected":false},"featured_media":1281,"comment_status":"closed","ping_status":"closed","template":"","meta":[],"product_brand":[],"product_cat":[58],"product_tag":[],"class_list":{"0":"post-1270","1":"product","2":"type-product","3":"status-publish","4":"has-post-thumbnail","6":"product_cat-juvenil","8":"first","9":"outofstock","10":"sale","11":"taxable","12":"shipping-taxable","13":"purchasable","14":"product-type-simple"},"_links":{"self":[{"href":"https:\/\/www.mundilibros.cl\/web\/wp-json\/wp\/v2\/product\/1270","targetHints":{"allow":["GET"]}}],"collection":[{"href":"https:\/\/www.mundilibros.cl\/web\/wp-json\/wp\/v2\/product"}],"about":[{"href":"https:\/\/www.mundilibros.cl\/web\/wp-json\/wp\/v2\/types\/product"}],"replies":[{"embeddable":true,"href":"https:\/\/www.mundilibros.cl\/web\/wp-json\/wp\/v2\/comments?post=1270"}],"wp:featuredmedia":[{"embeddable":true,"href":"https:\/\/www.mundilibros.cl\/web\/wp-json\/wp\/v2\/media\/1281"}],"wp:attachment":[{"href":"https:\/\/www.mundilibros.cl\/web\/wp-json\/wp\/v2\/media?parent=1270"}],"wp:term":[{"taxonomy":"product_brand","embeddable":true,"href":"https:\/\/www.mundilibros.cl\/web\/wp-json\/wp\/v2\/product_brand?post=1270"},{"taxonomy":"product_cat","embeddable":true,"href":"https:\/\/www.mundilibros.cl\/web\/wp-json\/wp\/v2\/product_cat?post=1270"},{"taxonomy":"product_tag","embeddable":true,"href":"https:\/\/www.mundilibros.cl\/web\/wp-json\/wp\/v2\/product_tag?post=1270"}],"curies":[{"name":"wp","href":"https:\/\/api.w.org\/{rel}","templated":true}]}}