{"id":1287,"date":"2025-11-14T19:20:29","date_gmt":"2025-11-14T19:20:29","guid":{"rendered":"https:\/\/www.mundilibros.cl\/web\/?post_type=product&#038;p=1287"},"modified":"2025-11-14T19:21:10","modified_gmt":"2025-11-14T19:21:10","slug":"el-coran","status":"publish","type":"product","link":"https:\/\/www.mundilibros.cl\/web\/producto\/el-coran\/","title":{"rendered":"EL CORAN"},"content":{"rendered":"<p>\u201cEl Cor\u00e1n\u201d es el libro sagrado de los musulmanes, que contiene la doctrina revelada por Dios a Mahoma a trav\u00e9s del arc\u00e1ngel Gabriel. La obra se divide en \u201csuras\u201d (o cap\u00edtulos). Por su contenido es tambi\u00e9n un libro de gran inter\u00e9s para cualquier lector interesado en el conocimiento de otras culturas. El texto se basa en la edici\u00f3n \u00e1rabe oficial de \u201cEl Cor\u00e1n\u201d, patrocinada por el rey Fuad I de Egipto y publicada en El Cairo en el a\u00f1o 1923, que contiene el texto can\u00f3nico de Hafs ibn Sulaiman al-Asadi (m.805), seg\u00fan su maestro Asim ibn Abi I-Nachud (m.744). De esa misma edici\u00f3n es, tambi\u00e9n, la numeraci\u00f3n que aparece en las \u201csuras\u201d y los versos. Trat\u00e1ndose de un texto sagrado, se ha considerado sumamente importante el rigor y la precisi\u00f3n en la traducci\u00f3n, cuya intenci\u00f3n prioritaria ha sido, sobre todo, la de trasmitir fielmente el pensamiento cor\u00e1nico con todos sus ricos y particulares matices, y tratar con el mayor respeto y m\u00e1xima fidelidad al texto original.<\/p>\n","protected":false},"excerpt":{"rendered":"<p>\u201cEl Cor\u00e1n\u201d es el libro sagrado de los musulmanes, que contiene la doctrina revelada por Dios a Mahoma a trav\u00e9s del arc\u00e1ngel Gabriel. La obra se<span class=\"excerpt-hellip\"> [\u2026]<\/span><\/p>\n","protected":false},"featured_media":1302,"comment_status":"closed","ping_status":"closed","template":"","meta":[],"product_brand":[],"product_cat":[110,89],"product_tag":[],"class_list":{"0":"post-1287","1":"product","2":"type-product","3":"status-publish","4":"has-post-thumbnail","6":"product_cat-clasicos","7":"product_cat-ofertas","9":"first","10":"outofstock","11":"taxable","12":"shipping-taxable","13":"purchasable","14":"product-type-simple"},"_links":{"self":[{"href":"https:\/\/www.mundilibros.cl\/web\/wp-json\/wp\/v2\/product\/1287","targetHints":{"allow":["GET"]}}],"collection":[{"href":"https:\/\/www.mundilibros.cl\/web\/wp-json\/wp\/v2\/product"}],"about":[{"href":"https:\/\/www.mundilibros.cl\/web\/wp-json\/wp\/v2\/types\/product"}],"replies":[{"embeddable":true,"href":"https:\/\/www.mundilibros.cl\/web\/wp-json\/wp\/v2\/comments?post=1287"}],"wp:featuredmedia":[{"embeddable":true,"href":"https:\/\/www.mundilibros.cl\/web\/wp-json\/wp\/v2\/media\/1302"}],"wp:attachment":[{"href":"https:\/\/www.mundilibros.cl\/web\/wp-json\/wp\/v2\/media?parent=1287"}],"wp:term":[{"taxonomy":"product_brand","embeddable":true,"href":"https:\/\/www.mundilibros.cl\/web\/wp-json\/wp\/v2\/product_brand?post=1287"},{"taxonomy":"product_cat","embeddable":true,"href":"https:\/\/www.mundilibros.cl\/web\/wp-json\/wp\/v2\/product_cat?post=1287"},{"taxonomy":"product_tag","embeddable":true,"href":"https:\/\/www.mundilibros.cl\/web\/wp-json\/wp\/v2\/product_tag?post=1287"}],"curies":[{"name":"wp","href":"https:\/\/api.w.org\/{rel}","templated":true}]}}