{"id":1293,"date":"2025-11-14T19:20:49","date_gmt":"2025-11-14T19:20:49","guid":{"rendered":"https:\/\/www.mundilibros.cl\/web\/?post_type=product&#038;p=1293"},"modified":"2026-01-31T15:00:03","modified_gmt":"2026-01-31T15:00:03","slug":"el-libro-tibetano-de-los-muertos","status":"publish","type":"product","link":"https:\/\/www.mundilibros.cl\/web\/producto\/el-libro-tibetano-de-los-muertos\/","title":{"rendered":"EL LIBRO TIBETANO DE LOS MUERTOS"},"content":{"rendered":"<p><em>Claves del budismo tibetano para alcanzar la iluminaci\u00f3n despu\u00e9s de la muerte.<\/em><\/p>\n<p>\u201cEl libro tibetano de los muertos\u201d o \u201cBardo Th\u00f6dol\u201d, tambi\u00e9n conocido por los budistas como \u201cLa gran liberaci\u00f3n por la audici\u00f3n en el estado intermedio\u201d, es una de las escrituras espirituales y religiosas tibetanas de mayor influencia en el mundo occidental debido a sus indagaciones psicol\u00f3gicas sobre el proceso de la muerte. Compuesto en el siglo VIII d. de C., por Padma Sambhava, gur\u00fa reconocido por llevar el budismo al T\u00edbet, su intenci\u00f3n es la de guiar al alma por el sendero de la iluminaci\u00f3n trascendental.<\/p>\n<p>En sus p\u00e1ginas se muestran las diversas manifestaciones que aparecen en la conciencia del difunto cuando abandona su cuerpo: miedo, dolor, apego, pasi\u00f3n, dependencia, rencor, ambici\u00f3n, odio, futilidad, comodidad, placer, entre otras. Reconociendo dichas manifestaciones, estaremos preparados para el viaje al m\u00e1s all\u00e1, y podremos entender la verdadera naturaleza del ser y alcanzar el estado de iluminaci\u00f3n, tanto en esta existencia como en la venidera.<\/p>\n","protected":false},"excerpt":{"rendered":"<p>Claves del budismo tibetano para alcanzar la iluminaci\u00f3n despu\u00e9s de la muerte. \u201cEl libro tibetano de los muertos\u201d o \u201cBardo Th\u00f6dol\u201d, tambi\u00e9n conocido por los budistas<span class=\"excerpt-hellip\"> [\u2026]<\/span><\/p>\n","protected":false},"featured_media":1310,"comment_status":"closed","ping_status":"closed","template":"","meta":[],"product_brand":[],"product_cat":[46,89],"product_tag":[],"class_list":{"0":"post-1293","1":"product","2":"type-product","3":"status-publish","4":"has-post-thumbnail","6":"product_cat-autoayuda","7":"product_cat-ofertas","9":"first","10":"instock","11":"taxable","12":"shipping-taxable","13":"purchasable","14":"product-type-simple"},"_links":{"self":[{"href":"https:\/\/www.mundilibros.cl\/web\/wp-json\/wp\/v2\/product\/1293","targetHints":{"allow":["GET"]}}],"collection":[{"href":"https:\/\/www.mundilibros.cl\/web\/wp-json\/wp\/v2\/product"}],"about":[{"href":"https:\/\/www.mundilibros.cl\/web\/wp-json\/wp\/v2\/types\/product"}],"replies":[{"embeddable":true,"href":"https:\/\/www.mundilibros.cl\/web\/wp-json\/wp\/v2\/comments?post=1293"}],"wp:featuredmedia":[{"embeddable":true,"href":"https:\/\/www.mundilibros.cl\/web\/wp-json\/wp\/v2\/media\/1310"}],"wp:attachment":[{"href":"https:\/\/www.mundilibros.cl\/web\/wp-json\/wp\/v2\/media?parent=1293"}],"wp:term":[{"taxonomy":"product_brand","embeddable":true,"href":"https:\/\/www.mundilibros.cl\/web\/wp-json\/wp\/v2\/product_brand?post=1293"},{"taxonomy":"product_cat","embeddable":true,"href":"https:\/\/www.mundilibros.cl\/web\/wp-json\/wp\/v2\/product_cat?post=1293"},{"taxonomy":"product_tag","embeddable":true,"href":"https:\/\/www.mundilibros.cl\/web\/wp-json\/wp\/v2\/product_tag?post=1293"}],"curies":[{"name":"wp","href":"https:\/\/api.w.org\/{rel}","templated":true}]}}