{"id":1295,"date":"2025-11-14T19:20:50","date_gmt":"2025-11-14T19:20:50","guid":{"rendered":"https:\/\/www.mundilibros.cl\/web\/?post_type=product&#038;p=1295"},"modified":"2025-11-14T19:21:12","modified_gmt":"2025-11-14T19:21:12","slug":"psicomagia","status":"publish","type":"product","link":"https:\/\/www.mundilibros.cl\/web\/producto\/psicomagia\/","title":{"rendered":"PSICOMAGIA"},"content":{"rendered":"<p>Psicomagia es el documento m\u00e1s completo sobre la evoluci\u00f3n de la obra creativa y terap\u00e9utica de Alejandro Jodorowsky, e incluye la versi\u00f3n \u00edntegra, in\u00e9dita en Espa\u00f1a, del texto fundamental para comprender la psicomagia. El autor nos muestra el camino que le llev\u00f3 a ella, desde sus primeros actos po\u00e9ticos y teatrales hasta su aprendizaje para controlar el mundo on\u00edrico. Estos pasos imprescindibles, junto con el conocimiento que maestros, curanderos y chamanes le transmitieron, fue lo que dio origen a sus t\u00e9cnicas para sanar, conocidas como psicomagia y psicogenealog\u00eda.<\/p>\n","protected":false},"excerpt":{"rendered":"<p>Psicomagia es el documento m\u00e1s completo sobre la evoluci\u00f3n de la obra creativa y terap\u00e9utica de Alejandro Jodorowsky, e incluye la versi\u00f3n \u00edntegra, in\u00e9dita en Espa\u00f1a,<span class=\"excerpt-hellip\"> [\u2026]<\/span><\/p>\n","protected":false},"featured_media":1312,"comment_status":"closed","ping_status":"closed","template":"","meta":[],"product_brand":[],"product_cat":[46],"product_tag":[],"class_list":{"0":"post-1295","1":"product","2":"type-product","3":"status-publish","4":"has-post-thumbnail","6":"product_cat-autoayuda","8":"first","9":"outofstock","10":"sale","11":"taxable","12":"shipping-taxable","13":"purchasable","14":"product-type-simple"},"_links":{"self":[{"href":"https:\/\/www.mundilibros.cl\/web\/wp-json\/wp\/v2\/product\/1295","targetHints":{"allow":["GET"]}}],"collection":[{"href":"https:\/\/www.mundilibros.cl\/web\/wp-json\/wp\/v2\/product"}],"about":[{"href":"https:\/\/www.mundilibros.cl\/web\/wp-json\/wp\/v2\/types\/product"}],"replies":[{"embeddable":true,"href":"https:\/\/www.mundilibros.cl\/web\/wp-json\/wp\/v2\/comments?post=1295"}],"wp:featuredmedia":[{"embeddable":true,"href":"https:\/\/www.mundilibros.cl\/web\/wp-json\/wp\/v2\/media\/1312"}],"wp:attachment":[{"href":"https:\/\/www.mundilibros.cl\/web\/wp-json\/wp\/v2\/media?parent=1295"}],"wp:term":[{"taxonomy":"product_brand","embeddable":true,"href":"https:\/\/www.mundilibros.cl\/web\/wp-json\/wp\/v2\/product_brand?post=1295"},{"taxonomy":"product_cat","embeddable":true,"href":"https:\/\/www.mundilibros.cl\/web\/wp-json\/wp\/v2\/product_cat?post=1295"},{"taxonomy":"product_tag","embeddable":true,"href":"https:\/\/www.mundilibros.cl\/web\/wp-json\/wp\/v2\/product_tag?post=1295"}],"curies":[{"name":"wp","href":"https:\/\/api.w.org\/{rel}","templated":true}]}}