{"id":1296,"date":"2025-11-14T19:20:50","date_gmt":"2025-11-14T19:20:50","guid":{"rendered":"https:\/\/www.mundilibros.cl\/web\/?post_type=product&#038;p=1296"},"modified":"2025-11-14T19:21:18","modified_gmt":"2025-11-14T19:21:18","slug":"indestructible-libro-1","status":"publish","type":"product","link":"https:\/\/www.mundilibros.cl\/web\/producto\/indestructible-libro-1\/","title":{"rendered":"INDESTRUCTIBLE ( Libro 1 )"},"content":{"rendered":"<p>Atenea no es la diosa de la guerra, pero est\u00e1 cerca de serlo. Desde los cinco a\u00f1os fue educada y entrenada por una organizaci\u00f3n nacida de la uni\u00f3n de los ej\u00e9rcitos de pa\u00edses del primer mundo.<br \/>\nLes llaman Physicorum (del lat\u00edn, indestructible). Hombres y mujeres con capacidades excepcionales preparados f\u00edsica y mentalmente para enfrentarse a cualquier misi\u00f3n en la que un soldado normal terminar\u00eda muerto.<br \/>\nAtenea no tiene nada que perder despu\u00e9s de la muerte de su \u00fanico familiar vivo, su padre. Pero la vida le sorprende poniendo a Maximilian M\u00fcller frente a ella. Un Physicorum experto francotirador que la acompa\u00f1ar\u00e1 en una de las misiones m\u00e1s duras de su carrera hasta ahora. Junto con m\u00e1s Physicorums pasar\u00e1n por pruebas dif\u00edciles y sangrientas que les revelar\u00e1n que no solo el da\u00f1o f\u00edsico es el que te destruye.<br \/>\nAtenea y Maximilian se pondr\u00e1n a prueba, adem\u00e1s de tener una fuerte atracci\u00f3n sexual, tambi\u00e9n se ven como rivales en el camino de demostrar qui\u00e9n es el mejor Physicorum de la historia de la organizaci\u00f3n.<br \/>\nSolo uno puede marcar la historia y ni Atenea ni Maximilian dejar\u00e1n que el contrario gane. Poder y deseo son las palabras que mejor los definen, pero estas armas humanas&#8230; \u00bfLlegar\u00e1n a sentir amor?<\/p>\n","protected":false},"excerpt":{"rendered":"<h2>Trilog\u00eda Veneno<\/h2>\n","protected":false},"featured_media":1313,"comment_status":"closed","ping_status":"closed","template":"","meta":[],"product_brand":[],"product_cat":[58],"product_tag":[],"class_list":{"0":"post-1296","1":"product","2":"type-product","3":"status-publish","4":"has-post-thumbnail","6":"product_cat-juvenil","8":"first","9":"instock","10":"sale","11":"taxable","12":"shipping-taxable","13":"purchasable","14":"product-type-simple"},"_links":{"self":[{"href":"https:\/\/www.mundilibros.cl\/web\/wp-json\/wp\/v2\/product\/1296","targetHints":{"allow":["GET"]}}],"collection":[{"href":"https:\/\/www.mundilibros.cl\/web\/wp-json\/wp\/v2\/product"}],"about":[{"href":"https:\/\/www.mundilibros.cl\/web\/wp-json\/wp\/v2\/types\/product"}],"replies":[{"embeddable":true,"href":"https:\/\/www.mundilibros.cl\/web\/wp-json\/wp\/v2\/comments?post=1296"}],"wp:featuredmedia":[{"embeddable":true,"href":"https:\/\/www.mundilibros.cl\/web\/wp-json\/wp\/v2\/media\/1313"}],"wp:attachment":[{"href":"https:\/\/www.mundilibros.cl\/web\/wp-json\/wp\/v2\/media?parent=1296"}],"wp:term":[{"taxonomy":"product_brand","embeddable":true,"href":"https:\/\/www.mundilibros.cl\/web\/wp-json\/wp\/v2\/product_brand?post=1296"},{"taxonomy":"product_cat","embeddable":true,"href":"https:\/\/www.mundilibros.cl\/web\/wp-json\/wp\/v2\/product_cat?post=1296"},{"taxonomy":"product_tag","embeddable":true,"href":"https:\/\/www.mundilibros.cl\/web\/wp-json\/wp\/v2\/product_tag?post=1296"}],"curies":[{"name":"wp","href":"https:\/\/api.w.org\/{rel}","templated":true}]}}