{"id":1303,"date":"2025-11-14T19:21:11","date_gmt":"2025-11-14T19:21:11","guid":{"rendered":"https:\/\/www.mundilibros.cl\/web\/?post_type=product&#038;p=1303"},"modified":"2025-11-14T19:21:25","modified_gmt":"2025-11-14T19:21:25","slug":"romper-el-circulo","status":"publish","type":"product","link":"https:\/\/www.mundilibros.cl\/web\/producto\/romper-el-circulo\/","title":{"rendered":"ROMPER EL CIRCULO"},"content":{"rendered":"<div class=\"frase-mkt\">\n<p>Colleen Hoover te romper\u00e1 el coraz\u00f3n.<\/p>\n<\/div>\n<p>A veces, quien m\u00e1s te quiere es qui\u00e9n m\u00e1s da\u00f1o te hace.<\/p>\n<p>Lily no siempre lo ha tenido f\u00e1cil. Por eso, su id\u00edlica relaci\u00f3n con un magn\u00edfico neurocirujano\u00a0llamado Ryle Kincaid, parece demasiado buena para ser verdad. Cuando Atlas, su primer amor,\u00a0reaparece repentinamente y Ryle comienza a mostrar su verdadera cara, todo lo que Lily ha\u00a0construido con \u00e9l se ve amenazado.<\/p>\n<p>\u00abNadie escribe sobre sentimientos como Colleen Hoover\u00bb (Anna Todd).<\/p>\n","protected":false},"excerpt":{"rendered":"<p>Colleen Hoover te romper\u00e1 el coraz\u00f3n. A veces, quien m\u00e1s te quiere es qui\u00e9n m\u00e1s da\u00f1o te hace. Lily no siempre lo ha tenido f\u00e1cil. Por<span class=\"excerpt-hellip\"> [\u2026]<\/span><\/p>\n","protected":false},"featured_media":1314,"comment_status":"closed","ping_status":"closed","template":"","meta":[],"product_brand":[],"product_cat":[58],"product_tag":[],"class_list":{"0":"post-1303","1":"product","2":"type-product","3":"status-publish","4":"has-post-thumbnail","6":"product_cat-juvenil","8":"first","9":"outofstock","10":"sale","11":"taxable","12":"shipping-taxable","13":"purchasable","14":"product-type-simple"},"_links":{"self":[{"href":"https:\/\/www.mundilibros.cl\/web\/wp-json\/wp\/v2\/product\/1303","targetHints":{"allow":["GET"]}}],"collection":[{"href":"https:\/\/www.mundilibros.cl\/web\/wp-json\/wp\/v2\/product"}],"about":[{"href":"https:\/\/www.mundilibros.cl\/web\/wp-json\/wp\/v2\/types\/product"}],"replies":[{"embeddable":true,"href":"https:\/\/www.mundilibros.cl\/web\/wp-json\/wp\/v2\/comments?post=1303"}],"wp:featuredmedia":[{"embeddable":true,"href":"https:\/\/www.mundilibros.cl\/web\/wp-json\/wp\/v2\/media\/1314"}],"wp:attachment":[{"href":"https:\/\/www.mundilibros.cl\/web\/wp-json\/wp\/v2\/media?parent=1303"}],"wp:term":[{"taxonomy":"product_brand","embeddable":true,"href":"https:\/\/www.mundilibros.cl\/web\/wp-json\/wp\/v2\/product_brand?post=1303"},{"taxonomy":"product_cat","embeddable":true,"href":"https:\/\/www.mundilibros.cl\/web\/wp-json\/wp\/v2\/product_cat?post=1303"},{"taxonomy":"product_tag","embeddable":true,"href":"https:\/\/www.mundilibros.cl\/web\/wp-json\/wp\/v2\/product_tag?post=1303"}],"curies":[{"name":"wp","href":"https:\/\/api.w.org\/{rel}","templated":true}]}}