{"id":1304,"date":"2025-11-14T19:21:11","date_gmt":"2025-11-14T19:21:11","guid":{"rendered":"https:\/\/www.mundilibros.cl\/web\/?post_type=product&#038;p=1304"},"modified":"2025-11-14T19:21:31","modified_gmt":"2025-11-14T19:21:31","slug":"una-corona-de-huesos-dorados-libro-3","status":"publish","type":"product","link":"https:\/\/www.mundilibros.cl\/web\/producto\/una-corona-de-huesos-dorados-libro-3\/","title":{"rendered":"UNA CORONA DE HUESOS DORADOS (Libro 3)"},"content":{"rendered":"<p class=\"synopsis-title mt-4\"><b><i>Incl\u00ednate ante tu reina o sangra ante ella\u2026\u00a0<\/i><\/b><\/p>\n<div id=\"_synopsis_442\" class=\"product-synopsis mb-4\">\n<div class=\"all\">\n<p><b>De la autora superventas del\u00a0<i>New York Times<\/i>\u00a0Jennifer L. Armentrout llega el tercer libro de su saga\u00a0<i>De sangre y cenizas<\/i>.<\/b><\/p>\n<p><b><i>Ha sido la v\u00edctima y la superviviente\u2026<\/i><\/b><\/p>\n<p>Poppy jam\u00e1s so\u00f1\u00f3 que encontrar\u00eda el amor que ha encontrado con el pr\u00edncipe Casteel. Le gustar\u00eda disfrutar de su felicidad, pero primero deben liberar al hermano de Casteel y encontrar al suyo. Es una misi\u00f3n peligrosa y una de enormes consecuencias con las que ninguno de los dos hab\u00eda so\u00f1ado. Porque Poppy es la Elegida, la Bendecida. La verdadera regente de Atlantia. Lleva en su interior la sangre del rey de los dioses. Por derecho propio, la corona y el reino son suyos.<\/p>\n<p><b><i>La enemiga y la guerrera\u2026<\/i><\/b><\/p>\n<p>Lo \u00fanico que Poppy siempre ha querido es controlar su propia vida, no las vidas de los dem\u00e1s, pero ahora debe elegir entre renunciar a su derecho de nacimiento o ce\u00f1irse la corona dorada y convertirse en la Reina de Carne y Fuego. Pero cuando los oscuros pecados del reino y sus secretos empapados en sangre por fin salen a la luz, un poder largo tiempo olvidado surge para convertirse en una verdadera amenaza. Y no se detendr\u00e1 ante nada para asegurarse de que la corona jam\u00e1s descanse sobre la cabeza de Poppy.<\/p>\n<p><b><i>Una amante y un coraz\u00f3n gemelo\u2026\u00a0<\/i><\/b><\/p>\n<p>Pero la mayor amenaza para ellos y para Atlantia es la que aguarda en el lejano oeste, donde la Reina de Sangre y Cenizas tiene sus propios planes, unos que lleva cientos de a\u00f1os esperando a cumplir. Poppy y Casteel deben plantearse lo imposible: viajar a las Tierras de los Dioses y despertar al rey en persona. Y a medida que secretos estremecedores y las traiciones m\u00e1s crueles salen a la luz, y emergen enemigos que amenazan todas las cosas por las que han luchado, Poppy y Casteel descubrir\u00e1n lo lejos que est\u00e1n dispuestos a ir por su gente\u2026 y el uno por el otro.<\/p>\n<p><b><i>Y ahora se convertir\u00e1 en reina\u2026<\/i><\/b><\/p>\n<\/div>\n<\/div>\n","protected":false},"excerpt":{"rendered":"<p>Incl\u00ednate ante tu reina o sangra ante ella\u2026\u00a0 De la autora superventas del\u00a0New York Times\u00a0Jennifer L. Armentrout llega el tercer libro de su saga\u00a0De sangre y<span class=\"excerpt-hellip\"> [\u2026]<\/span><\/p>\n","protected":false},"featured_media":1315,"comment_status":"closed","ping_status":"closed","template":"","meta":[],"product_brand":[],"product_cat":[58],"product_tag":[],"class_list":{"0":"post-1304","1":"product","2":"type-product","3":"status-publish","4":"has-post-thumbnail","6":"product_cat-juvenil","8":"first","9":"outofstock","10":"sale","11":"taxable","12":"shipping-taxable","13":"purchasable","14":"product-type-simple"},"_links":{"self":[{"href":"https:\/\/www.mundilibros.cl\/web\/wp-json\/wp\/v2\/product\/1304","targetHints":{"allow":["GET"]}}],"collection":[{"href":"https:\/\/www.mundilibros.cl\/web\/wp-json\/wp\/v2\/product"}],"about":[{"href":"https:\/\/www.mundilibros.cl\/web\/wp-json\/wp\/v2\/types\/product"}],"replies":[{"embeddable":true,"href":"https:\/\/www.mundilibros.cl\/web\/wp-json\/wp\/v2\/comments?post=1304"}],"wp:featuredmedia":[{"embeddable":true,"href":"https:\/\/www.mundilibros.cl\/web\/wp-json\/wp\/v2\/media\/1315"}],"wp:attachment":[{"href":"https:\/\/www.mundilibros.cl\/web\/wp-json\/wp\/v2\/media?parent=1304"}],"wp:term":[{"taxonomy":"product_brand","embeddable":true,"href":"https:\/\/www.mundilibros.cl\/web\/wp-json\/wp\/v2\/product_brand?post=1304"},{"taxonomy":"product_cat","embeddable":true,"href":"https:\/\/www.mundilibros.cl\/web\/wp-json\/wp\/v2\/product_cat?post=1304"},{"taxonomy":"product_tag","embeddable":true,"href":"https:\/\/www.mundilibros.cl\/web\/wp-json\/wp\/v2\/product_tag?post=1304"}],"curies":[{"name":"wp","href":"https:\/\/api.w.org\/{rel}","templated":true}]}}