{"id":1306,"date":"2025-11-14T19:21:11","date_gmt":"2025-11-14T19:21:11","guid":{"rendered":"https:\/\/www.mundilibros.cl\/web\/?post_type=product&#038;p=1306"},"modified":"2025-11-14T19:21:38","modified_gmt":"2025-11-14T19:21:38","slug":"la-hipotesis-del-amor","status":"publish","type":"product","link":"https:\/\/www.mundilibros.cl\/web\/producto\/la-hipotesis-del-amor\/","title":{"rendered":"LA HIPOTESIS DEL AMOR"},"content":{"rendered":"<p>Olive Smith es una doctora que no cree en las relaciones amorosas duraderas, pero su mejor amiga, Ahn, s\u00ed. A Ahn le gusta el exnovio de Olive. Convencerla de que ha pasado p\u00e1gina no va a resultarle f\u00e1cil a Olive. Por eso, besa al primer hombre con el que se encuentra para que Ahn la vea. Ese hombre es Adam Carlsen, un joven profesor tan reputado por la calidad de su trabajo como por su imbecilidad. As\u00ed que Olive se queda de piedra cuando Carlsen accede a mantener su farsa y ser su novio falso. La novela rom\u00e1ntica m\u00e1s esperada del a\u00f1o!<\/p>\n","protected":false},"excerpt":{"rendered":"<p>Olive Smith es una doctora que no cree en las relaciones amorosas duraderas, pero su mejor amiga, Ahn, s\u00ed. A Ahn le gusta el exnovio de<span class=\"excerpt-hellip\"> [\u2026]<\/span><\/p>\n","protected":false},"featured_media":1324,"comment_status":"closed","ping_status":"closed","template":"","meta":[],"product_brand":[],"product_cat":[58],"product_tag":[],"class_list":{"0":"post-1306","1":"product","2":"type-product","3":"status-publish","4":"has-post-thumbnail","6":"product_cat-juvenil","8":"first","9":"instock","10":"sale","11":"taxable","12":"shipping-taxable","13":"purchasable","14":"product-type-simple"},"_links":{"self":[{"href":"https:\/\/www.mundilibros.cl\/web\/wp-json\/wp\/v2\/product\/1306","targetHints":{"allow":["GET"]}}],"collection":[{"href":"https:\/\/www.mundilibros.cl\/web\/wp-json\/wp\/v2\/product"}],"about":[{"href":"https:\/\/www.mundilibros.cl\/web\/wp-json\/wp\/v2\/types\/product"}],"replies":[{"embeddable":true,"href":"https:\/\/www.mundilibros.cl\/web\/wp-json\/wp\/v2\/comments?post=1306"}],"wp:featuredmedia":[{"embeddable":true,"href":"https:\/\/www.mundilibros.cl\/web\/wp-json\/wp\/v2\/media\/1324"}],"wp:attachment":[{"href":"https:\/\/www.mundilibros.cl\/web\/wp-json\/wp\/v2\/media?parent=1306"}],"wp:term":[{"taxonomy":"product_brand","embeddable":true,"href":"https:\/\/www.mundilibros.cl\/web\/wp-json\/wp\/v2\/product_brand?post=1306"},{"taxonomy":"product_cat","embeddable":true,"href":"https:\/\/www.mundilibros.cl\/web\/wp-json\/wp\/v2\/product_cat?post=1306"},{"taxonomy":"product_tag","embeddable":true,"href":"https:\/\/www.mundilibros.cl\/web\/wp-json\/wp\/v2\/product_tag?post=1306"}],"curies":[{"name":"wp","href":"https:\/\/api.w.org\/{rel}","templated":true}]}}