{"id":1307,"date":"2025-11-14T19:21:11","date_gmt":"2025-11-14T19:21:11","guid":{"rendered":"https:\/\/www.mundilibros.cl\/web\/?post_type=product&#038;p=1307"},"modified":"2025-11-14T19:21:43","modified_gmt":"2025-11-14T19:21:43","slug":"despues-de-el-boulevard-2","status":"publish","type":"product","link":"https:\/\/www.mundilibros.cl\/web\/producto\/despues-de-el-boulevard-2\/","title":{"rendered":"DESPUES DE \u00c9L (BOULEVARD 2)"},"content":{"rendered":"<p>\u00bfC\u00f3mo ser\u00e1 la vida despu\u00e9s de \u00e9l?<br \/>\nDespu\u00e9s de la muerte de Luke, Hasley debe seguir con su vida, viviendo con el recuerdo de su primer<br \/>\namor.<br \/>\nSin embargo, la vida est\u00e1 llena de varias oportunidades. Quiz\u00e1 Luke no la tuvo, pero Hasley bien sab\u00eda<br \/>\nque \u00e9l habr\u00eda querido que ella no mirara hacia atr\u00e1s y continuara su camino, trazando sus metas y<br \/>\ncumpliendo sus sue\u00f1os, pero que jam\u00e1s lo olvidara.<br \/>\nDescubrir\u00e1 una opci\u00f3n cuando conoce a Harry Beckinsale, un licenciado en derecho, dos a\u00f1os mayor<br \/>\nque ella. \u00c9l tiene su vida en orden y est\u00e1 dispuesto a ser el nuevo eslab\u00f3n para ella.<br \/>\n\u00bfSer\u00e1 est\u00e1 la nueva oportunidad para que los sue\u00f1os de Hasley puedan descansar en paz, junto con la<br \/>\nmemoria de Luke?<\/p>\n","protected":false},"excerpt":{"rendered":"<p>\u00bfC\u00f3mo ser\u00e1 la vida despu\u00e9s de \u00e9l? Despu\u00e9s de la muerte de Luke, Hasley debe seguir con su vida, viviendo con el recuerdo de su primer<span class=\"excerpt-hellip\"> [\u2026]<\/span><\/p>\n","protected":false},"featured_media":1325,"comment_status":"closed","ping_status":"closed","template":"","meta":[],"product_brand":[],"product_cat":[58],"product_tag":[],"class_list":{"0":"post-1307","1":"product","2":"type-product","3":"status-publish","4":"has-post-thumbnail","6":"product_cat-juvenil","8":"first","9":"outofstock","10":"sale","11":"taxable","12":"shipping-taxable","13":"purchasable","14":"product-type-simple"},"_links":{"self":[{"href":"https:\/\/www.mundilibros.cl\/web\/wp-json\/wp\/v2\/product\/1307","targetHints":{"allow":["GET"]}}],"collection":[{"href":"https:\/\/www.mundilibros.cl\/web\/wp-json\/wp\/v2\/product"}],"about":[{"href":"https:\/\/www.mundilibros.cl\/web\/wp-json\/wp\/v2\/types\/product"}],"replies":[{"embeddable":true,"href":"https:\/\/www.mundilibros.cl\/web\/wp-json\/wp\/v2\/comments?post=1307"}],"wp:featuredmedia":[{"embeddable":true,"href":"https:\/\/www.mundilibros.cl\/web\/wp-json\/wp\/v2\/media\/1325"}],"wp:attachment":[{"href":"https:\/\/www.mundilibros.cl\/web\/wp-json\/wp\/v2\/media?parent=1307"}],"wp:term":[{"taxonomy":"product_brand","embeddable":true,"href":"https:\/\/www.mundilibros.cl\/web\/wp-json\/wp\/v2\/product_brand?post=1307"},{"taxonomy":"product_cat","embeddable":true,"href":"https:\/\/www.mundilibros.cl\/web\/wp-json\/wp\/v2\/product_cat?post=1307"},{"taxonomy":"product_tag","embeddable":true,"href":"https:\/\/www.mundilibros.cl\/web\/wp-json\/wp\/v2\/product_tag?post=1307"}],"curies":[{"name":"wp","href":"https:\/\/api.w.org\/{rel}","templated":true}]}}