{"id":1316,"date":"2025-11-14T19:21:32","date_gmt":"2025-11-14T19:21:32","guid":{"rendered":"https:\/\/www.mundilibros.cl\/web\/?post_type=product&#038;p=1316"},"modified":"2025-11-14T19:21:48","modified_gmt":"2025-11-14T19:21:48","slug":"21","status":"publish","type":"product","link":"https:\/\/www.mundilibros.cl\/web\/producto\/21\/","title":{"rendered":"&#8216;+21"},"content":{"rendered":"<p><b>Darlis Stefany se ha convertido en el \u00faltimo fen\u00f3meno de Wattpad y ahora vuelve con +21, \u00a1m\u00e1s amor, m\u00e1s locuras y la misma diversi\u00f3n de siempre!<\/b><\/p>\n<p>Escenas comprometedoras, situaciones inc\u00f3modas y una historia de amor\u2026 diferente. Locura, caos, diversi\u00f3n y un romance t\u00f3rrido a la altura de pocos. Tanto que algunos lo califican\u2026 +21.<\/p>\n","protected":false},"excerpt":{"rendered":"<p>Darlis Stefany se ha convertido en el \u00faltimo fen\u00f3meno de Wattpad y ahora vuelve con +21, \u00a1m\u00e1s amor, m\u00e1s locuras y la misma diversi\u00f3n de siempre!<span class=\"excerpt-hellip\"> [\u2026]<\/span><\/p>\n","protected":false},"featured_media":1327,"comment_status":"closed","ping_status":"closed","template":"","meta":[],"product_brand":[],"product_cat":[58],"product_tag":[],"class_list":{"0":"post-1316","1":"product","2":"type-product","3":"status-publish","4":"has-post-thumbnail","6":"product_cat-juvenil","8":"first","9":"outofstock","10":"sale","11":"taxable","12":"shipping-taxable","13":"purchasable","14":"product-type-simple"},"_links":{"self":[{"href":"https:\/\/www.mundilibros.cl\/web\/wp-json\/wp\/v2\/product\/1316","targetHints":{"allow":["GET"]}}],"collection":[{"href":"https:\/\/www.mundilibros.cl\/web\/wp-json\/wp\/v2\/product"}],"about":[{"href":"https:\/\/www.mundilibros.cl\/web\/wp-json\/wp\/v2\/types\/product"}],"replies":[{"embeddable":true,"href":"https:\/\/www.mundilibros.cl\/web\/wp-json\/wp\/v2\/comments?post=1316"}],"wp:featuredmedia":[{"embeddable":true,"href":"https:\/\/www.mundilibros.cl\/web\/wp-json\/wp\/v2\/media\/1327"}],"wp:attachment":[{"href":"https:\/\/www.mundilibros.cl\/web\/wp-json\/wp\/v2\/media?parent=1316"}],"wp:term":[{"taxonomy":"product_brand","embeddable":true,"href":"https:\/\/www.mundilibros.cl\/web\/wp-json\/wp\/v2\/product_brand?post=1316"},{"taxonomy":"product_cat","embeddable":true,"href":"https:\/\/www.mundilibros.cl\/web\/wp-json\/wp\/v2\/product_cat?post=1316"},{"taxonomy":"product_tag","embeddable":true,"href":"https:\/\/www.mundilibros.cl\/web\/wp-json\/wp\/v2\/product_tag?post=1316"}],"curies":[{"name":"wp","href":"https:\/\/api.w.org\/{rel}","templated":true}]}}